{"id":118,"date":"2022-09-21T09:10:47","date_gmt":"2022-09-21T09:10:47","guid":{"rendered":"https:\/\/dev.whm-fmf.ch\/?page_id=118"},"modified":"2023-11-23T15:29:42","modified_gmt":"2023-11-23T13:29:42","slug":"kontakt","status":"publish","type":"page","link":"https:\/\/whm-fmf.ch\/de\/kontakt\/","title":{"rendered":"Kontakt"},"content":{"rendered":"\n<p><strong>Programm Praxisassistenz<\/strong><br>Stiftung WHM<br>Weissenb\u00fchlweg 8<br>3007 Bern<br>Tel. 031 371 84 04 (Montag, Dienstag und Donnerstag)<br><a href=\"mailto:info@whm-fmf.ch\">E-Mail<\/a><\/p>\n\n\n\n<h2 class=\"wp-block-heading\">Spenden<\/h2>\n\n\n\n<p>Um die Kosten der Stellen-Plattform sowie weitere Projekte und Massnahmen unterst\u00fctzen zu k\u00f6nnen, sind wir auch auf Spenden angewiesen. Wir danken Ihnen f\u00fcr Ihre wertvolle Unterst\u00fctzung.<\/p>\n\n\n\n<h3 class=\"wp-block-heading\">Unser Spendenkonto<\/h3>\n\n\n\n<p>Berner Kantonalbank BEKB \/ BCBE, 3001 Bern<br><strong>IBAN: CH30 0079 0016 2717 2409 1<\/strong><br>Konto-Nr. 16 271.724.0.91<br>Clearing Nr. 790<\/p>\n","protected":false},"excerpt":{"rendered":"<p>Programm PraxisassistenzStiftung WHMWeissenb\u00fchlweg 83007 BernTel. 031 371 84 04 (Montag, Dienstag und Donnerstag)E-Mail Spenden Um die Kosten der Stellen-Plattform sowie weitere Projekte und Massnahmen unterst\u00fctzen zu k\u00f6nnen, sind wir auch auf Spenden angewiesen. Wir danken Ihnen f\u00fcr Ihre wertvolle Unterst\u00fctzung. Unser Spendenkonto Berner Kantonalbank BEKB \/ BCBE, 3001 BernIBAN: CH30 0079 0016 2717 2409 1Konto-Nr. [&hellip;]<\/p>\n","protected":false},"author":1,"featured_media":0,"parent":0,"menu_order":13,"comment_status":"closed","ping_status":"closed","template":"","meta":{"_acf_changed":false,"footnotes":""},"class_list":["post-118","page","type-page","status-publish","hentry"],"acf":[],"_links":{"self":[{"href":"https:\/\/whm-fmf.ch\/de\/wp-json\/wp\/v2\/pages\/118","targetHints":{"allow":["GET"]}}],"collection":[{"href":"https:\/\/whm-fmf.ch\/de\/wp-json\/wp\/v2\/pages"}],"about":[{"href":"https:\/\/whm-fmf.ch\/de\/wp-json\/wp\/v2\/types\/page"}],"author":[{"embeddable":true,"href":"https:\/\/whm-fmf.ch\/de\/wp-json\/wp\/v2\/users\/1"}],"replies":[{"embeddable":true,"href":"https:\/\/whm-fmf.ch\/de\/wp-json\/wp\/v2\/comments?post=118"}],"version-history":[{"count":7,"href":"https:\/\/whm-fmf.ch\/de\/wp-json\/wp\/v2\/pages\/118\/revisions"}],"predecessor-version":[{"id":916,"href":"https:\/\/whm-fmf.ch\/de\/wp-json\/wp\/v2\/pages\/118\/revisions\/916"}],"wp:attachment":[{"href":"https:\/\/whm-fmf.ch\/de\/wp-json\/wp\/v2\/media?parent=118"}],"curies":[{"name":"wp","href":"https:\/\/api.w.org\/{rel}","templated":true}]}}