{"id":170,"date":"2023-01-27T14:15:56","date_gmt":"2023-01-27T14:15:56","guid":{"rendered":"https:\/\/dev.whm-fmf.ch\/?page_id=170"},"modified":"2025-08-07T13:31:52","modified_gmt":"2025-08-07T11:31:52","slug":"arbeitsbedingungen","status":"publish","type":"page","link":"https:\/\/whm-fmf.ch\/de\/praxisassistenz\/arbeitsbedingungen\/","title":{"rendered":"Arbeitsbedingungen"},"content":{"rendered":"\n<ul class=\"wp-block-list\">\n<li>Die Arbeitszeit betr\u00e4gt maximal 43 Stunden\/Woche (Dienstleistung rund um die Patientenbetreuung). \u00dcberstunden m\u00fcssen durch Freizeit kompensiert werden.<\/li>\n\n\n\n<li>Anrecht auf zus\u00e4tzlich w\u00f6chentlich mindestens vier Stunden strukturierte Weiterbildung, die ebenfalls als Arbeitszeit gelten.<\/li>\n\n\n\n<li>Ferien: 5 Wochen\/Jahr bzw. 2,08 Arbeitstage\/Monat<\/li>\n\n\n\n<li>Mitarbeit im Notfalldienst: Die Assistenz\u00e4rzt:in darf nicht selbstst\u00e4ndig Notfalldienst leisten. Das leisten von Notfalldiensten ist nur unter Supervision durch die Lehr\u00e4rzt:in m\u00f6glich.<\/li>\n\n\n\n<li>Wochenenddienst ohne Anrechnung auf die H\u00f6chstarbeitszeit kann einmal alle 2 Monate verlangt werden.<\/li>\n\n\n\n<li>Pikett\/Bereitschaftsdienst gelten vollumf\u00e4nglich als Arbeitszeit.<\/li>\n<\/ul>\n\n\n\n<h2 class=\"wp-block-heading\">Lohn Assistenz:\u00e4rztin<\/h2>\n\n\n\n<p>Der Lohn der Assistenz\u00e4rzt:innen richtet sich nach den jeweils geltenden kantonalen Lohnrichtlinien. <strong>Der<\/strong> <strong>13. Monatslohn wird jeweils anteilig mit dem Monatslohn ausbezahlt<\/strong>.<\/p>\n\n\n\n<p>Die Stiftung WHM \u00fcbernimmt eine Finanzierung von CHF 3&#8217;690 pro Monat an Bruttolohn und Arbeitgeberbeitr\u00e4ge bei einem 100%-Pensum. Die verbleibenden Kosten tragen die Lehr\u00e4rzt:innen.<\/p>\n\n\n\n<p>Die Assistenz\u00e4rzt:innen-L\u00f6hne werden monatlich von der Stiftung WHM ausbezahlt. Allf\u00e4llige Spesen werden am Ende der Praxisassistenz abgerechnet und mit dem letzten Lohn ausbezahlt.<\/p>\n\n\n\n<h2 class=\"wp-block-heading\">Stellvertretung<\/h2>\n\n\n\n<p>Im unmittelbaren Anschluss an eine mindestens einmonatige Praxisassistenz (Ausnahme Art. 31 Abs. 3 Bst. c) ist gem\u00e4ss Art. 34 Abs. 2 WBO auch eine Stellvertretung von max. 4 Wochen pro 6 Monate Praxisassistenz als Weiterbildung anrechenbar. Die Lehr\u00e4rzt:in stellt sicher, dass die \u00c4rzt:in in Weiterbildung auf Abruf kompetente, fach\u00e4rztliche Unterst\u00fctzung zur Verf\u00fcgung steht.<\/p>\n","protected":false},"excerpt":{"rendered":"<p>Lohn Assistenz:\u00e4rztin Der Lohn der Assistenz\u00e4rzt:innen richtet sich nach den jeweils geltenden kantonalen Lohnrichtlinien. Der 13. Monatslohn wird jeweils anteilig mit dem Monatslohn ausbezahlt. Die Stiftung WHM \u00fcbernimmt eine Finanzierung von CHF 3&#8217;690 pro Monat an Bruttolohn und Arbeitgeberbeitr\u00e4ge bei einem 100%-Pensum. Die verbleibenden Kosten tragen die Lehr\u00e4rzt:innen. Die Assistenz\u00e4rzt:innen-L\u00f6hne werden monatlich von der Stiftung [&hellip;]<\/p>\n","protected":false},"author":1,"featured_media":0,"parent":44,"menu_order":0,"comment_status":"closed","ping_status":"closed","template":"","meta":{"_acf_changed":false,"footnotes":""},"class_list":["post-170","page","type-page","status-publish","hentry"],"acf":[],"_links":{"self":[{"href":"https:\/\/whm-fmf.ch\/de\/wp-json\/wp\/v2\/pages\/170","targetHints":{"allow":["GET"]}}],"collection":[{"href":"https:\/\/whm-fmf.ch\/de\/wp-json\/wp\/v2\/pages"}],"about":[{"href":"https:\/\/whm-fmf.ch\/de\/wp-json\/wp\/v2\/types\/page"}],"author":[{"embeddable":true,"href":"https:\/\/whm-fmf.ch\/de\/wp-json\/wp\/v2\/users\/1"}],"replies":[{"embeddable":true,"href":"https:\/\/whm-fmf.ch\/de\/wp-json\/wp\/v2\/comments?post=170"}],"version-history":[{"count":12,"href":"https:\/\/whm-fmf.ch\/de\/wp-json\/wp\/v2\/pages\/170\/revisions"}],"predecessor-version":[{"id":1624,"href":"https:\/\/whm-fmf.ch\/de\/wp-json\/wp\/v2\/pages\/170\/revisions\/1624"}],"up":[{"embeddable":true,"href":"https:\/\/whm-fmf.ch\/de\/wp-json\/wp\/v2\/pages\/44"}],"wp:attachment":[{"href":"https:\/\/whm-fmf.ch\/de\/wp-json\/wp\/v2\/media?parent=170"}],"curies":[{"name":"wp","href":"https:\/\/api.w.org\/{rel}","templated":true}]}}