{"id":1733,"date":"2025-12-17T13:14:44","date_gmt":"2025-12-17T11:14:44","guid":{"rendered":"https:\/\/whm-fmf.ch\/?page_id=1733"},"modified":"2025-12-17T13:14:46","modified_gmt":"2025-12-17T11:14:46","slug":"mehrwertsteuer","status":"publish","type":"page","link":"https:\/\/whm-fmf.ch\/de\/mehrwertsteuer\/","title":{"rendered":"Mehrwertsteuer 8.1% ab 01.01.2026"},"content":{"rendered":"\n<p>Bis zum heutigen Zeitpunkt war die Stiftung WHM von der Mehrwertsteuerpflicht befreit.<\/p>\n\n\n\n<p>In den letzten Jahren hat sich der steuerbare Umsatz der Stiftung erh\u00f6ht, wodurch die Schwelle f\u00fcr die Mehrwertsteuerbefreiung \u00fcberschritten wurde. Aus diesem Grund sind die unten aufgef\u00fchrten Leistungen der Stiftung neu mehrwertsteuerpflichtig.<\/p>\n\n\n\n<p>Die Geb\u00fchren erh\u00f6hen sich f\u00fcr Sie wie folgt:<\/p>\n\n\n\n<ul class=\"wp-block-list\">\n<li><strong>Administration pro Monat:<\/strong><br>CHF 300.\u2013 zzgl. MwSt. 8,1 % = <strong>CHF 324.30<\/strong><\/li>\n\n\n\n<li><strong>Vertrags\u00e4nderung:<\/strong><br>CHF 150.\u2013 zzgl. MwSt. 8,1 % = <strong>CHF 162.15<\/strong><\/li>\n\n\n\n<li><strong>R\u00fcckzug eines Gesuchs:<\/strong><br>CHF 250.\u2013 zzgl. MwSt. 8,1 % = <strong>CHF 270.25<\/strong><\/li>\n<\/ul>\n\n\n\n<p>F\u00fcr Ihre laufende Praxisassistenz erhalten Sie keine neuen Lohn- und Beitragsinformationen.<\/p>\n\n\n\n<p>Bitte bezahlen Sie Ihre monatlichen Beitr\u00e4ge weiterhin gem\u00e4ss den bestehenden Vertragsunterlagen. Die Mehrwertsteuer f\u00fcr die Monate im Jahr 2026 stellen wir Ihnen mit der Schlussabrechnung in Rechnung. <\/p>\n\n\n\n<p>Besten Dank f\u00fcr Ihre Kenntnisnahme.<\/p>\n","protected":false},"excerpt":{"rendered":"<p>Bis zum heutigen Zeitpunkt war die Stiftung WHM von der Mehrwertsteuerpflicht befreit. In den letzten Jahren hat sich der steuerbare Umsatz der Stiftung erh\u00f6ht, wodurch die Schwelle f\u00fcr die Mehrwertsteuerbefreiung \u00fcberschritten wurde. Aus diesem Grund sind die unten aufgef\u00fchrten Leistungen der Stiftung neu mehrwertsteuerpflichtig. Die Geb\u00fchren erh\u00f6hen sich f\u00fcr Sie wie folgt: F\u00fcr Ihre laufende [&hellip;]<\/p>\n","protected":false},"author":179,"featured_media":0,"parent":0,"menu_order":0,"comment_status":"closed","ping_status":"closed","template":"","meta":{"_acf_changed":false,"footnotes":""},"class_list":["post-1733","page","type-page","status-publish","hentry"],"acf":[],"_links":{"self":[{"href":"https:\/\/whm-fmf.ch\/de\/wp-json\/wp\/v2\/pages\/1733","targetHints":{"allow":["GET"]}}],"collection":[{"href":"https:\/\/whm-fmf.ch\/de\/wp-json\/wp\/v2\/pages"}],"about":[{"href":"https:\/\/whm-fmf.ch\/de\/wp-json\/wp\/v2\/types\/page"}],"author":[{"embeddable":true,"href":"https:\/\/whm-fmf.ch\/de\/wp-json\/wp\/v2\/users\/179"}],"replies":[{"embeddable":true,"href":"https:\/\/whm-fmf.ch\/de\/wp-json\/wp\/v2\/comments?post=1733"}],"version-history":[{"count":1,"href":"https:\/\/whm-fmf.ch\/de\/wp-json\/wp\/v2\/pages\/1733\/revisions"}],"predecessor-version":[{"id":1734,"href":"https:\/\/whm-fmf.ch\/de\/wp-json\/wp\/v2\/pages\/1733\/revisions\/1734"}],"wp:attachment":[{"href":"https:\/\/whm-fmf.ch\/de\/wp-json\/wp\/v2\/media?parent=1733"}],"curies":[{"name":"wp","href":"https:\/\/api.w.org\/{rel}","templated":true}]}}