{"id":176,"date":"2023-01-27T14:24:54","date_gmt":"2023-01-27T14:24:54","guid":{"rendered":"https:\/\/dev.whm-fmf.ch\/?page_id=176"},"modified":"2026-01-20T12:41:11","modified_gmt":"2026-01-20T10:41:11","slug":"gesuch","status":"publish","type":"page","link":"https:\/\/whm-fmf.ch\/de\/praxisassistenz\/gesuch\/","title":{"rendered":"Gesuch"},"content":{"rendered":"\n<p style=\"font-size:17px\">Hier finden Sie das <a href=\"https:\/\/whm-fmf.ch\/wp-content\/uploads\/2025\/07\/Gesuchsformular_DE_2025.pdf\" data-type=\"link\" data-id=\"https:\/\/whm-fmf.ch\/wp-content\/uploads\/2025\/07\/Gesuchsformular_DE_2025.pdf\" target=\"_blank\" rel=\"noreferrer noopener\">Gesuchsformular als PDF<\/a> f\u00fcr das Programm \u00abWeiterbildung in Hausarztpraxen (Praxisassistenz)\u00bb. Bitte f\u00fcllen Sie dieses elektronisch aus und senden Sie dieses unterschrieben mit den erw\u00e4hnten Beilagen an uns zur\u00fcck.<\/p>\n\n\n\n<p style=\"font-size:17px\"><strong>Eingabefrist: Das Gesuch muss sp\u00e4testens 3 Monate vor Beginn der Praxisassistenz bei der Stiftung WHM eingereicht werden.<\/strong><\/p>\n\n\n\n<h1 class=\"wp-block-heading\">Geb\u00fchren<\/h1>\n\n\n\n<div class=\"wp-block-group\"><div class=\"wp-block-group__inner-container is-layout-constrained wp-block-group-is-layout-constrained\">\n<p style=\"font-size:17px\">Die Administrationsgeb\u00fchren von Praxisassistenzen betragen:<\/p>\n\n\n\n<div class=\"wp-block-columns is-layout-flex wp-container-core-columns-is-layout-9d6595d7 wp-block-columns-is-layout-flex\">\n<div class=\"wp-block-column is-layout-flow wp-block-column-is-layout-flow\" style=\"flex-basis:87%\">\n<p style=\"font-size:15px\">Durch Stiftung WHM mitfinanzierte Monate:<\/p>\n\n\n\n<p style=\"font-size:15px\">Durch kantonale Programme mitfinanzierte Monate:<\/p>\n\n\n\n<p style=\"font-size:15px\">Nicht-mitfinanzierte Monate (z.B. Verl\u00e4ngerungen):<\/p>\n\n\n\n<p style=\"font-size:15px\">Vertrags\u00e4nderungen (Lohn, Besch\u00e4ftigungsgrad, Dauer etc.):<\/p>\n\n\n\n<p style=\"font-size:15px\">R\u00fcckzug eines Gesuchs:<\/p>\n\n\n\n<p style=\"font-size:15px\"><strong>*zuz\u00fcglich allf\u00e4lliger Mehrwertsteuer<\/strong><\/p>\n<\/div>\n\n\n\n<div class=\"wp-block-column is-layout-flow wp-block-column-is-layout-flow\" style=\"flex-basis:33.33%\">\n<p style=\"font-size:15px\"><strong>Keine Geb\u00fchr<\/strong><\/p>\n\n\n\n<p style=\"font-size:15px\"><strong>300 CHF\/Monat<\/strong>*<\/p>\n\n\n\n<p style=\"font-size:15px\"><strong>300 CHF\/Monat<\/strong>*<\/p>\n\n\n\n<p style=\"font-size:15px\"><strong>150 CHF\/Vertrag<\/strong>*<\/p>\n\n\n\n<p style=\"font-size:15px\"><strong>250 CHF\/Gesuch<\/strong>*<\/p>\n<\/div>\n<\/div>\n\n\n\n<p style=\"font-size:19px\"><\/p>\n<\/div><\/div>\n\n\n\n<p><\/p>\n","protected":false},"excerpt":{"rendered":"<p>Hier finden Sie das Gesuchsformular als PDF f\u00fcr das Programm \u00abWeiterbildung in Hausarztpraxen (Praxisassistenz)\u00bb. Bitte f\u00fcllen Sie dieses elektronisch aus und senden Sie dieses unterschrieben mit den erw\u00e4hnten Beilagen an uns zur\u00fcck. Eingabefrist: Das Gesuch muss sp\u00e4testens 3 Monate vor Beginn der Praxisassistenz bei der Stiftung WHM eingereicht werden. Geb\u00fchren Die Administrationsgeb\u00fchren von Praxisassistenzen betragen: [&hellip;]<\/p>\n","protected":false},"author":1,"featured_media":0,"parent":44,"menu_order":0,"comment_status":"closed","ping_status":"closed","template":"","meta":{"_acf_changed":false,"footnotes":""},"class_list":["post-176","page","type-page","status-publish","hentry"],"acf":[],"_links":{"self":[{"href":"https:\/\/whm-fmf.ch\/de\/wp-json\/wp\/v2\/pages\/176","targetHints":{"allow":["GET"]}}],"collection":[{"href":"https:\/\/whm-fmf.ch\/de\/wp-json\/wp\/v2\/pages"}],"about":[{"href":"https:\/\/whm-fmf.ch\/de\/wp-json\/wp\/v2\/types\/page"}],"author":[{"embeddable":true,"href":"https:\/\/whm-fmf.ch\/de\/wp-json\/wp\/v2\/users\/1"}],"replies":[{"embeddable":true,"href":"https:\/\/whm-fmf.ch\/de\/wp-json\/wp\/v2\/comments?post=176"}],"version-history":[{"count":28,"href":"https:\/\/whm-fmf.ch\/de\/wp-json\/wp\/v2\/pages\/176\/revisions"}],"predecessor-version":[{"id":1761,"href":"https:\/\/whm-fmf.ch\/de\/wp-json\/wp\/v2\/pages\/176\/revisions\/1761"}],"up":[{"embeddable":true,"href":"https:\/\/whm-fmf.ch\/de\/wp-json\/wp\/v2\/pages\/44"}],"wp:attachment":[{"href":"https:\/\/whm-fmf.ch\/de\/wp-json\/wp\/v2\/media?parent=176"}],"curies":[{"name":"wp","href":"https:\/\/api.w.org\/{rel}","templated":true}]}}