{"id":185,"date":"2023-01-27T14:33:57","date_gmt":"2023-01-27T14:33:57","guid":{"rendered":"https:\/\/dev.whm-fmf.ch\/?page_id=185"},"modified":"2025-08-07T13:33:19","modified_gmt":"2025-08-07T11:33:19","slug":"evaluation","status":"publish","type":"page","link":"https:\/\/whm-fmf.ch\/de\/praxisassistenz\/evaluation\/","title":{"rendered":"Evaluation"},"content":{"rendered":"\n<p>Nach der Praxisassistenz werden Lehr\u00e4rzt:in, Assistenz\u00e4rzt:in und Medizinische Praxisassistent:in (MPA) von der Stiftung WHM zur webbasierten Evaluation, zwecks Beurteilung der Praxisassistenz, aufgefordert. Die Stiftung WHM kann einsehen, wie die Praxisassistenz gelaufen ist und ob die von ihr gesetzten Qualit\u00e4tskriterien erf\u00fcllt wurden. Danach werden die Angaben in anonymisierter Form vom IML (Institut f\u00fcr Medizinische Lehre) in Bern ausgewertet zwecks\u00a0externer wissenschaftlicher Evaluation\u00a0des Programms.<\/p>\n","protected":false},"excerpt":{"rendered":"<p>Nach der Praxisassistenz werden Lehr\u00e4rzt:in, Assistenz\u00e4rzt:in und Medizinische Praxisassistent:in (MPA) von der Stiftung WHM zur webbasierten Evaluation, zwecks Beurteilung der Praxisassistenz, aufgefordert. Die Stiftung WHM kann einsehen, wie die Praxisassistenz gelaufen ist und ob die von ihr gesetzten Qualit\u00e4tskriterien erf\u00fcllt wurden. Danach werden die Angaben in anonymisierter Form vom IML (Institut f\u00fcr Medizinische Lehre) in [&hellip;]<\/p>\n","protected":false},"author":1,"featured_media":0,"parent":44,"menu_order":0,"comment_status":"closed","ping_status":"closed","template":"","meta":{"_acf_changed":false,"footnotes":""},"class_list":["post-185","page","type-page","status-publish","hentry"],"acf":[],"_links":{"self":[{"href":"https:\/\/whm-fmf.ch\/de\/wp-json\/wp\/v2\/pages\/185","targetHints":{"allow":["GET"]}}],"collection":[{"href":"https:\/\/whm-fmf.ch\/de\/wp-json\/wp\/v2\/pages"}],"about":[{"href":"https:\/\/whm-fmf.ch\/de\/wp-json\/wp\/v2\/types\/page"}],"author":[{"embeddable":true,"href":"https:\/\/whm-fmf.ch\/de\/wp-json\/wp\/v2\/users\/1"}],"replies":[{"embeddable":true,"href":"https:\/\/whm-fmf.ch\/de\/wp-json\/wp\/v2\/comments?post=185"}],"version-history":[{"count":9,"href":"https:\/\/whm-fmf.ch\/de\/wp-json\/wp\/v2\/pages\/185\/revisions"}],"predecessor-version":[{"id":1626,"href":"https:\/\/whm-fmf.ch\/de\/wp-json\/wp\/v2\/pages\/185\/revisions\/1626"}],"up":[{"embeddable":true,"href":"https:\/\/whm-fmf.ch\/de\/wp-json\/wp\/v2\/pages\/44"}],"wp:attachment":[{"href":"https:\/\/whm-fmf.ch\/de\/wp-json\/wp\/v2\/media?parent=185"}],"curies":[{"name":"wp","href":"https:\/\/api.w.org\/{rel}","templated":true}]}}