{"id":2,"date":"2016-05-10T03:48:21","date_gmt":"2016-05-10T03:48:21","guid":{"rendered":"https:\/\/dev.whm-fmf.ch\/?page_id=2"},"modified":"2025-06-16T16:43:15","modified_gmt":"2025-06-16T14:43:15","slug":"kantonale-praxisassistenzen","status":"publish","type":"page","link":"https:\/\/whm-fmf.ch\/de\/kantonale-praxisassistenzen\/","title":{"rendered":"Kantonale Praxisassistenzen"},"content":{"rendered":"\n<p>Die Mitfinanzierung der Stiftung WHM ist subsidi\u00e4r zu den kantonalen Praxisassistenz-Programmen. Daher ist das Gesuch, falls eine kantonale Mitfinanzierung grunds\u00e4tzlich m\u00f6glich ist, parallel beim Kanton und bei der Stiftung WHM einzureichen.<\/p>\n\n\n\n<h2 class=\"wp-block-heading\"><strong>\u00dcbersicht zu den kantonalen Praxisassistenz-Programmen<\/strong><\/h2>\n\n\n\n<figure id=\"kein-rand\" class=\"wp-block-table\"><table><tbody><tr><td><a href=\"https:\/\/www.aargauer-aerzte.ch\/informationen\/praxisassistenz\" target=\"_blank\" rel=\"noreferrer noopener\">AG<\/a><\/td><td><a rel=\"noreferrer noopener\" href=\"https:\/\/www.crmf.ch\/canton-de-neuchatel\/\" target=\"_blank\">NE<\/a><\/td><\/tr><tr><td><a href=\"https:\/\/www.kssg.ch\/zentrum-fuer-hausarztmedizin-5\" target=\"_blank\" rel=\"noreferrer noopener\">AI und AR<\/a><\/td><td><a href=\"https:\/\/www.docsh.ch\/angebote-fuer-assistenzaerzte\" target=\"_blank\" rel=\"noreferrer noopener\">SH<\/a><\/td><\/tr><tr><td><a href=\"https:\/\/hausarzt.medizin.unibas.ch\/de\/weiterbildung\/praxisassistenz\/\" target=\"_blank\" rel=\"noreferrer noopener\">BL<\/a><\/td><td><a rel=\"noreferrer noopener\" href=\"https:\/\/www.spital-schwyz.ch\/ihr-arbeitgeber\/aerztliche-ausbildung.html\" target=\"_blank\">SZ<\/a><\/td><\/tr><tr><td><a href=\"https:\/\/hausarzt.medizin.unibas.ch\/de\/weiterbildung\/praxisassistenz\/\" target=\"_blank\" rel=\"noreferrer noopener\">BS<\/a><\/td><td><a rel=\"noreferrer noopener\" href=\"https:\/\/www.kssg.ch\/zentrum-fuer-hausarztmedizin-5\" target=\"_blank\">SG<\/a><\/td><\/tr><tr><td><a href=\"https:\/\/www.biham.unibe.ch\/weiterbildung\/kantonale_praxisassistenz\" target=\"_blank\" rel=\"noreferrer noopener\">BE<\/a> <a href=\"https:\/\/whm-fmf.ch\/wp-content\/uploads\/2024\/10\/BIHAM_Flyer_DIGITALER-VERSAND_2024.pdf\">(Vgl. Brosch\u00fcre BIHAM)<\/a><\/td><td><a href=\"https:\/\/www.solothurnerspitaeler.ch\/jobs-karriere\/aerztinnen\" target=\"_blank\" rel=\"noreferrer noopener\">SO<\/a><\/td><\/tr><tr><td><a href=\"https:\/\/www.unifr.ch\/med\/imf\/de\/formation\/cfmf\" target=\"_blank\" rel=\"noreferrer noopener\">FR<\/a><\/td><td><a href=\"https:\/\/www.omct.ch\/programma-praxisassistenz-ticino\" target=\"_blank\" rel=\"noreferrer noopener\">TI<\/a><\/td><\/tr><tr><td><a href=\"https:\/\/www.crmf.ch\/canton-de-geneve\" target=\"_blank\" rel=\"noreferrer noopener\">GE<\/a><\/td><td><a rel=\"noreferrer noopener\" href=\"http:\/\/www.aerzte-tg.ch\/de\/oeffentlicher-bereich\/thurgauer-praxisassistenzprogramm.html\/63\" target=\"_blank\">TG<\/a><\/td><\/tr><tr><td><a href=\"https:\/\/ksgl.ch\/angebot\/innere-medizin\/lehrpraxen-praxisassistenz-kanton-glarus\" target=\"_blank\" rel=\"noreferrer noopener\">GL<\/a><\/td><td><a rel=\"noreferrer noopener\" href=\"https:\/\/spital.ksuri.ch\/de\/job-und-karriere\/aus-und-weiterbildung\" target=\"_blank\">UR<\/a><\/td><\/tr><tr><td><a href=\"https:\/\/www.ksgr.ch\/hausarztmedizin\" target=\"_blank\" rel=\"noreferrer noopener\">GR<\/a><\/td><td><a rel=\"noreferrer noopener\" href=\"https:\/\/www.crmf.ch\/programme-vaudois-dassistanat-au-cabinet\" target=\"_blank\">VD<\/a><\/td><\/tr><tr><td><a href=\"https:\/\/www.crmf.ch\/canton-du-jura\" target=\"_blank\" rel=\"noreferrer noopener\">JU<\/a><\/td><td><a rel=\"noreferrer noopener\" href=\"https:\/\/www.crmf.ch\/canton-du-valais\" target=\"_blank\">VS<\/a><\/td><\/tr><tr><td><a href=\"https:\/\/vham-cc.ch\/weiterbildung\/praxisassistenz-programm.html\" target=\"_blank\" rel=\"noreferrer noopener\">LU<\/a><\/td><td><a rel=\"noreferrer noopener\" href=\"https:\/\/www.zgks.ch\/kliniken-bereiche\/medizinische-klinik\/ausbildungsspital.html\" target=\"_blank\">ZG<\/a><\/td><\/tr><tr><td><a href=\"https:\/\/www.ow.ch\/dienstleistungen\/4834\" target=\"_blank\" rel=\"noreferrer noopener\">OW und NW<\/a><\/td><td><a rel=\"noreferrer noopener\" href=\"https:\/\/www.hausarztmedizin.uzh.ch\/weiterbildung.html\" target=\"_blank\">ZH<\/a><\/td><\/tr><\/tbody><\/table><\/figure>\n","protected":false},"excerpt":{"rendered":"<p>Die Mitfinanzierung der Stiftung WHM ist subsidi\u00e4r zu den kantonalen Praxisassistenz-Programmen. Daher ist das Gesuch, falls eine kantonale Mitfinanzierung grunds\u00e4tzlich m\u00f6glich ist, parallel beim Kanton und bei der Stiftung WHM einzureichen. \u00dcbersicht zu den kantonalen Praxisassistenz-Programmen AG NE AI und AR SH BL SZ BS SG BE (Vgl. Brosch\u00fcre BIHAM) SO FR TI GE TG [&hellip;]<\/p>\n","protected":false},"author":1,"featured_media":0,"parent":0,"menu_order":10,"comment_status":"closed","ping_status":"closed","template":"","meta":{"_acf_changed":false,"footnotes":""},"class_list":["post-2","page","type-page","status-publish","hentry"],"acf":[],"_links":{"self":[{"href":"https:\/\/whm-fmf.ch\/de\/wp-json\/wp\/v2\/pages\/2","targetHints":{"allow":["GET"]}}],"collection":[{"href":"https:\/\/whm-fmf.ch\/de\/wp-json\/wp\/v2\/pages"}],"about":[{"href":"https:\/\/whm-fmf.ch\/de\/wp-json\/wp\/v2\/types\/page"}],"author":[{"embeddable":true,"href":"https:\/\/whm-fmf.ch\/de\/wp-json\/wp\/v2\/users\/1"}],"replies":[{"embeddable":true,"href":"https:\/\/whm-fmf.ch\/de\/wp-json\/wp\/v2\/comments?post=2"}],"version-history":[{"count":15,"href":"https:\/\/whm-fmf.ch\/de\/wp-json\/wp\/v2\/pages\/2\/revisions"}],"predecessor-version":[{"id":1525,"href":"https:\/\/whm-fmf.ch\/de\/wp-json\/wp\/v2\/pages\/2\/revisions\/1525"}],"wp:attachment":[{"href":"https:\/\/whm-fmf.ch\/de\/wp-json\/wp\/v2\/media?parent=2"}],"curies":[{"name":"wp","href":"https:\/\/api.w.org\/{rel}","templated":true}]}}