{"id":208,"date":"2023-01-28T09:41:34","date_gmt":"2023-01-28T09:41:34","guid":{"rendered":"https:\/\/dev.whm-fmf.ch\/?page_id=208"},"modified":"2025-08-07T13:26:55","modified_gmt":"2025-08-07T11:26:55","slug":"lehrpraktikerin-werden","status":"publish","type":"page","link":"https:\/\/whm-fmf.ch\/de\/praxisassistenz\/lehrpraktikerin-werden\/","title":{"rendered":"Lehr\u00e4rzt:in werden"},"content":{"rendered":"<div id='post-cs'  class='fullwidth'    data-id='1'><div class='loading-box'><span><\/span><\/div><\/div>\n\n\n\n<h2 class=\"wp-block-heading\">Was sind die Voraussetzungen?<\/h2>\n\n\n\n<ul class=\"wp-block-list\">\n<li>Facharzttitel in Allgemeiner Innerer Medizin oder Kinder- und Jugendmedizin.<\/li>\n\n\n\n<li>Inhaber einer SIWF-Anerkennung als Praxisweiterbildner Allgemeine Innere Medizin (oder AM\/IM) bzw. Kinder- und Jugendmedizin. Dazu muss sich die Lehr\u00e4rzt:in \u00fcber die Absolvierung <a href=\"https:\/\/whm-fmf.ch\/de\/einfuehrungskurs-fuer-lehrpraktikerinnen\/\">des Lehrarztkurses der Stiftung WHM<\/a> oder \u00fcber eine mindestens zweij\u00e4hrige Weiterbildungst\u00e4tigkeit als Ober\u00e4rzt:in, Leitende \u00c4rzt:in oder Chef\u00e4rzt:in an einer <a href=\"https:\/\/www.siwf.ch\/weiterbildungsstaetten\/anerkennung-weiterbildungsstae.cfm\" target=\"_blank\" rel=\"noreferrer noopener\">anerkannten Weiterbildungsst\u00e4tte<\/a> ausweisen.<\/li>\n\n\n\n<li>Erf\u00fcllung der Fortbildungspflicht.<\/li>\n<\/ul>\n\n\n\n<h2 class=\"wp-block-heading\">Allgemeine Innere Medizin AIM<\/h2>\n\n\n\n<ul class=\"wp-block-list\">\n<li>Supervision und zeitliche Pr\u00e4senz in der Praxis \u226575% der Arbeitszeit der Assistenz\u00e4rzt:in (mit Ausnahme von Stellvertretungen).<\/li>\n\n\n\n<li>In ihrer Arztpraxis muss die Lehr\u00e4rzt:in zwischen 70 und 150 Konsultationen pro Woche durchf\u00fchren. Davon sind bei einer 100%-Stelle mindestens 50 Konsultationen f\u00fcr die Assistenz\u00e4rzt:in (im Durchschnitt \u00fcber die ganze Praxisassistenz-Dauer exkl. Stellvertretung).<\/li>\n\n\n\n<li>Die Lehr\u00e4rzt:in muss mindestens \u00fcber ein Jahr fachlich unbeanstandete selbst\u00e4ndige Praxist\u00e4tigkeit verf\u00fcgen.<\/li>\n\n\n\n<li>Die Lehr\u00e4rzt:in muss in ihrer Praxis \u00fcber einen Konsultationsraum und Arbeitsplatz f\u00fcr die Assistenz\u00e4rzt:in verf\u00fcgen.<\/li>\n\n\n\n<li>Die Lehr\u00e4rzt:in soll Diagnostik und Therapie nach anerkannten wissenschaftlichen und wirtschaftlichen Methoden durchf\u00fchren.<\/li>\n\n\n\n<li>Die Lehr\u00e4rzt:in soll regelm\u00e4ssig Notfallpatient:innen betreuen. Zudem sollen regelm\u00e4ssig Hausbesuche durchgef\u00fchrt werden und die Assistenz\u00e4rzt:in soll daran teilnehmen.<\/li>\n\n\n\n<li>Die Lehr\u00e4rzt:in muss regelm\u00e4ssig die R\u00f6ntgenbilder und die Ultraschalluntersuchungen der betreuten Patientinnen und Patienten zusammen mit der Assistenz\u00e4rzt:in interpretieren.<\/li>\n\n\n\n<li>Komplement\u00e4rmedizinische Methoden werden maximal in 25% der F\u00e4lle angewendet.<\/li>\n\n\n\n<li>Die Lehr\u00e4rzt:in ist Mitglied eines Qualit\u00e4tszirkels und nimmt zusammen mit dem Weiterzubildenden regelm\u00e4ssig daran teil.<\/li>\n\n\n\n<li>In der Praxisassistenz ist nur eine Assistenz\u00e4rzt:in pro Lehr\u00e4rzt:in zugelassen.<\/li>\n\n\n\n<li>Insgesamt 4 Stunden pro Woche m\u00fcssen die Assistenz:\u00e4rztinnen zur theoretischen Weiterbildung freigestellt werden (Art.40 WBO).<\/li>\n<\/ul>\n\n\n\n<h2 class=\"wp-block-heading\">Kinder- und Jugendmedizin KJM<\/h2>\n\n\n\n<ul class=\"wp-block-list\">\n<li>Praxisanwesenheit der Lehr\u00e4rzt:in zu mindestens 2\/3 der Gesamtdauer der Praxisassistenz (exkl. Stellvertretungszeit) und w\u00e4hrend mindestens 2\/3 der t\u00e4glichen Pr\u00e4senzzeit der Assistenz\u00e4rzt:in gew\u00e4hrleistet.<\/li>\n\n\n\n<li>In einer Gruppenpraxis k\u00f6nnen die \u00c4rzt:innen die geforderte Praxisanwesenheit gemeinsam abdecken, wobei eine \u00c4rzt:in f\u00fcr die Weiterbildung hauptverantwortlich ist und als Lehr\u00e4rzt:in anerkannt sein muss. F\u00fcr die \u00fcbrigen Praxispartner:innen ist eine Anerkennung fakultativ.<\/li>\n\n\n\n<li>Durchschnittliche Anzahl der Patientinnen und Patienten pro Assisten\u00e4rzt:in pro Tag: mindestens 6.<\/li>\n\n\n\n<li>Mindestens 2-j\u00e4hrige T\u00e4tigkeit in ambulanter p\u00e4diatrischer Hausarztmedizin (inklusive Vorsorgeuntersuchungen, Impfgespr\u00e4chen, Diskussion schulischer Belange, Wahrnehmen einer F\u00fchrungsfunktion und von administrativ-organisatorischen Aufgaben etc.).<\/li>\n\n\n\n<li>Anzahl der Untersuchungszimmer: \u2265 2.<\/li>\n\n\n\n<li>In einer Gruppenpraxis k\u00f6nnen die Praxisweiterbildner:innen die geforderte Praxisanwesenheit gemeinsam abdecken, wobei eine Praxisweiterbildner:in f\u00fcr die Weiterbildung hauptverantwortlich ist.<\/li>\n\n\n\n<li>Die hauptverantwortliche Lehr\u00e4rzt:in ist f\u00fcr die Vermittlung der Lerninhalte gem\u00e4ss Weiterbildungsprogramm Kinder- und Jugendmedizin inkl. Buchhaltung, Versicherungswesen, Personalf\u00fchrung etc. verantwortlich.<\/li>\n\n\n\n<li>Bereitschaft der Lehr\u00e4rzt:in zu t\u00e4glichen Besprechungen mit der Assistenz\u00e4rzt:in inklusive Falldiskussionen.<\/li>\n\n\n\n<li>Insgesamt 4 Stunden pro Woche m\u00fcssen die Assistenz\u00e4rzt:innen zur theoretischen Weiterbildung freigestellt werden (Art.40 WBO).<\/li>\n<\/ul>\n\n\n\n<p><br>Angaben ohne Gew\u00e4hr auf Aktualit\u00e4t und Vollst\u00e4ndigkeit.<\/p>\n","protected":false},"excerpt":{"rendered":"<p>Was sind die Voraussetzungen? Allgemeine Innere Medizin AIM Kinder- und Jugendmedizin KJM Angaben ohne Gew\u00e4hr auf Aktualit\u00e4t und Vollst\u00e4ndigkeit.<\/p>\n","protected":false},"author":1,"featured_media":0,"parent":44,"menu_order":0,"comment_status":"closed","ping_status":"closed","template":"","meta":{"_acf_changed":false,"footnotes":""},"class_list":["post-208","page","type-page","status-publish","hentry"],"acf":[],"_links":{"self":[{"href":"https:\/\/whm-fmf.ch\/de\/wp-json\/wp\/v2\/pages\/208","targetHints":{"allow":["GET"]}}],"collection":[{"href":"https:\/\/whm-fmf.ch\/de\/wp-json\/wp\/v2\/pages"}],"about":[{"href":"https:\/\/whm-fmf.ch\/de\/wp-json\/wp\/v2\/types\/page"}],"author":[{"embeddable":true,"href":"https:\/\/whm-fmf.ch\/de\/wp-json\/wp\/v2\/users\/1"}],"replies":[{"embeddable":true,"href":"https:\/\/whm-fmf.ch\/de\/wp-json\/wp\/v2\/comments?post=208"}],"version-history":[{"count":15,"href":"https:\/\/whm-fmf.ch\/de\/wp-json\/wp\/v2\/pages\/208\/revisions"}],"predecessor-version":[{"id":1620,"href":"https:\/\/whm-fmf.ch\/de\/wp-json\/wp\/v2\/pages\/208\/revisions\/1620"}],"up":[{"embeddable":true,"href":"https:\/\/whm-fmf.ch\/de\/wp-json\/wp\/v2\/pages\/44"}],"wp:attachment":[{"href":"https:\/\/whm-fmf.ch\/de\/wp-json\/wp\/v2\/media?parent=208"}],"curies":[{"name":"wp","href":"https:\/\/api.w.org\/{rel}","templated":true}]}}