{"id":34,"date":"2022-09-08T14:43:45","date_gmt":"2022-09-08T14:43:45","guid":{"rendered":"https:\/\/dev.whm-fmf.ch\/stellenangebote\/"},"modified":"2025-10-21T10:22:28","modified_gmt":"2025-10-21T08:22:28","slug":"stellenangebote","status":"publish","type":"page","link":"https:\/\/whm-fmf.ch\/de\/stellenangebote\/","title":{"rendered":"Stellenportal"},"content":{"rendered":"\n<p>Damit sich Lehr\u00e4rzt:innen und Assistenz\u00e4rzt:innen besser finden k\u00f6nnen, weisen wir auf unser Stellenportal hin.<\/p>\n\n\n\n<h2 class=\"wp-block-heading\"><a href=\"https:\/\/whm-fmf.ch\/de\/stellenportal\/\">Stellenportal<\/a><\/h2>\n\n\n\n<p><br><strong>Stellenportal Praxisassistenz- &amp; Rotationsstellen<\/strong><\/p>\n\n\n\n<p><strong>Stellensuchende<\/strong> k\u00f6nnen die Stellenanbieter (Lehrpraxis oder Spital) direkt erreichen. Die Stiftung WHM leitet keine Bewerbungen weiter und \u00fcbernimmt f\u00fcr die Inhalte der Stelleninserate keine Haftung.<\/p>\n\n\n\n<p><strong>Stellenausschreibende<\/strong> setzen mit wenigen Klicks ein Stelleninserat auf. Die weitere Kommunikation mit Stellensuchenden verl\u00e4uft unabh\u00e4ngig von der Plattform. <\/p>\n\n\n\n<p><\/p>\n","protected":false},"excerpt":{"rendered":"<p>Damit sich Lehr\u00e4rzt:innen und Assistenz\u00e4rzt:innen besser finden k\u00f6nnen, weisen wir auf unser Stellenportal hin. Stellenportal Stellenportal Praxisassistenz- &amp; Rotationsstellen Stellensuchende k\u00f6nnen die Stellenanbieter (Lehrpraxis oder Spital) direkt erreichen. Die Stiftung WHM leitet keine Bewerbungen weiter und \u00fcbernimmt f\u00fcr die Inhalte der Stelleninserate keine Haftung. Stellenausschreibende setzen mit wenigen Klicks ein Stelleninserat auf. Die weitere Kommunikation [&hellip;]<\/p>\n","protected":false},"author":1,"featured_media":0,"parent":0,"menu_order":19,"comment_status":"closed","ping_status":"closed","template":"","meta":{"_acf_changed":false,"footnotes":""},"class_list":["post-34","page","type-page","status-publish","hentry"],"acf":[],"_links":{"self":[{"href":"https:\/\/whm-fmf.ch\/de\/wp-json\/wp\/v2\/pages\/34","targetHints":{"allow":["GET"]}}],"collection":[{"href":"https:\/\/whm-fmf.ch\/de\/wp-json\/wp\/v2\/pages"}],"about":[{"href":"https:\/\/whm-fmf.ch\/de\/wp-json\/wp\/v2\/types\/page"}],"author":[{"embeddable":true,"href":"https:\/\/whm-fmf.ch\/de\/wp-json\/wp\/v2\/users\/1"}],"replies":[{"embeddable":true,"href":"https:\/\/whm-fmf.ch\/de\/wp-json\/wp\/v2\/comments?post=34"}],"version-history":[{"count":20,"href":"https:\/\/whm-fmf.ch\/de\/wp-json\/wp\/v2\/pages\/34\/revisions"}],"predecessor-version":[{"id":1685,"href":"https:\/\/whm-fmf.ch\/de\/wp-json\/wp\/v2\/pages\/34\/revisions\/1685"}],"wp:attachment":[{"href":"https:\/\/whm-fmf.ch\/de\/wp-json\/wp\/v2\/media?parent=34"}],"curies":[{"name":"wp","href":"https:\/\/api.w.org\/{rel}","templated":true}]}}