{"id":44,"date":"2022-09-20T06:25:32","date_gmt":"2022-09-20T06:25:32","guid":{"rendered":"https:\/\/dev.whm-fmf.ch\/?page_id=44"},"modified":"2025-01-28T16:10:18","modified_gmt":"2025-01-28T14:10:18","slug":"praxisassistenz","status":"publish","type":"page","link":"https:\/\/whm-fmf.ch\/de\/praxisassistenz\/","title":{"rendered":"Praxisassistenz in Hausarztmedizin"},"content":{"rendered":"\n<p>Das Programm \u00abWeiterbildung in Hausarztpraxen (Praxisassistenz)\u00bb hilft jungen \u00c4rzt:innen entscheidend, haus\u00e4rztliche Kenntnisse und Arbeitsweisen zu erlernen und zu verstehen, was der Beruf der Haus\u00e4rzt:in bzw. der Praxisp\u00e4diater:in konkret bedeutet.<\/p>\n\n\n\n<p>Das Programm Praxisassistenz wird seit Beginn durch Spendengelder finanziert, wobei diese Gelder ausschliesslich von der \u00c4rzteschaft kommen.<\/p>\n\n\n\n<p>Die Mitfinanzierung der Stiftung WHM ist subsidi\u00e4r zu den <a href=\"\/praxisassistenz\/kantonale-praxisassistenzen\/\" data-type=\"page\" data-id=\"2\">kantonalen Praxisassistenzprogrammen<\/a>. Daher ist das Gesuch, falls eine kantonale Mitfinanzierung grunds\u00e4tzlich m\u00f6glich ist, parallel beim Kanton und bei der Stiftung WHM einzureichen.&nbsp;<\/p>\n\n\n\n<p>Die Stiftung WHM \u00fcbernimmt eine Finanzierung von maximal CHF 3&#8217;690 pro Monat an Bruttolohn und Arbeitgeberbeitr\u00e4ge bei einem 100%-Pensum. Bei einem Teilzeitpensum verringert sich der Betrag entsprechend des Besch\u00e4ftigungsgrades. Die verbleibenden Kosten tragen die Lehr\u00e4rzt:innen.<\/p>\n\n\n\n<p>Gem\u00e4ss Weiterbildungsordnung (Art. 34 <a href=\"https:\/\/www.siwf.ch\/files\/pdf7\/wbo_d.pdf\" target=\"_blank\" rel=\"noreferrer noopener\">WBO<\/a>) wird die Praxisassistenz wie folgt angerechnet:&nbsp;<\/p>\n\n\n\n<p><strong>Praxisassistenz AIM<\/strong>&nbsp;<\/p>\n\n\n\n<p>Die dreij\u00e4hrige Basisweiterbildung muss mindestens zwei Jahre station\u00e4re Allgemeine Innere Medizin und mindestens ein halbes Jahr ambulante Allgemeine Innere Medizin, vorzugsweise Praxisassistenz, beinhalten. Die Weiterbildung zur Haus\u00e4rzt:in wird durch eine zweij\u00e4hrige Aufbauweiterbildung komplettiert, deren Zusammensetzung frei w\u00e4hlbar ist. Anrechenbar sind folgende Weiterbildungsperioden: Station\u00e4re und ambulante Allgemeine Innere Medizin wird bis zu 2 Jahren anerkannt. Grunds\u00e4tzlich sind insgesamt 3 Jahre Praxisassistenz in drei verschiedenen Praxen m\u00f6glich.&nbsp;<\/p>\n\n\n\n<p><strong>Praxisassistenz KJM<\/strong>&nbsp;<\/p>\n\n\n\n<p>In der Basisweiterbildung kann bis zu einem Jahr Praxisassistenz an f\u00fcr Kinder- und Jugendmedizin anerkannten Weiterbildungsst\u00e4tten absolviert werden. In der Aufbauweiterbildung im Curriculum Praxisp\u00e4diatrie ist mindestens 1 Jahr an einer anerkannten Weiterbildungsst\u00e4tten f\u00fcr Praxisp\u00e4diatrie inkl. p\u00e4diatrische Praxen zu absolvieren. Praxisassistenz, einschliesslich einer bereits in der Basisweiterbildung absolvierten Praxisassistenz ist bis maximal 2 Jahre anrechenbar, wobei h\u00f6chstens 1 Jahr in der gleichen Praxis absolviert werden darf.&nbsp;&nbsp;<\/p>\n","protected":false},"excerpt":{"rendered":"<p>Das Programm \u00abWeiterbildung in Hausarztpraxen (Praxisassistenz)\u00bb hilft jungen \u00c4rzt:innen entscheidend, haus\u00e4rztliche Kenntnisse und Arbeitsweisen zu erlernen und zu verstehen, was der Beruf der Haus\u00e4rzt:in bzw. der Praxisp\u00e4diater:in konkret bedeutet. Das Programm Praxisassistenz wird seit Beginn durch Spendengelder finanziert, wobei diese Gelder ausschliesslich von der \u00c4rzteschaft kommen. Die Mitfinanzierung der Stiftung WHM ist subsidi\u00e4r zu den [&hellip;]<\/p>\n","protected":false},"author":1,"featured_media":0,"parent":0,"menu_order":17,"comment_status":"closed","ping_status":"closed","template":"","meta":{"_acf_changed":false,"footnotes":""},"class_list":["post-44","page","type-page","status-publish","hentry"],"acf":[],"_links":{"self":[{"href":"https:\/\/whm-fmf.ch\/de\/wp-json\/wp\/v2\/pages\/44","targetHints":{"allow":["GET"]}}],"collection":[{"href":"https:\/\/whm-fmf.ch\/de\/wp-json\/wp\/v2\/pages"}],"about":[{"href":"https:\/\/whm-fmf.ch\/de\/wp-json\/wp\/v2\/types\/page"}],"author":[{"embeddable":true,"href":"https:\/\/whm-fmf.ch\/de\/wp-json\/wp\/v2\/users\/1"}],"replies":[{"embeddable":true,"href":"https:\/\/whm-fmf.ch\/de\/wp-json\/wp\/v2\/comments?post=44"}],"version-history":[{"count":12,"href":"https:\/\/whm-fmf.ch\/de\/wp-json\/wp\/v2\/pages\/44\/revisions"}],"predecessor-version":[{"id":1332,"href":"https:\/\/whm-fmf.ch\/de\/wp-json\/wp\/v2\/pages\/44\/revisions\/1332"}],"wp:attachment":[{"href":"https:\/\/whm-fmf.ch\/de\/wp-json\/wp\/v2\/media?parent=44"}],"curies":[{"name":"wp","href":"https:\/\/api.w.org\/{rel}","templated":true}]}}