{"id":48,"date":"2022-09-20T06:26:30","date_gmt":"2022-09-20T06:26:30","guid":{"rendered":"https:\/\/dev.whm-fmf.ch\/?page_id=48"},"modified":"2025-03-11T18:33:48","modified_gmt":"2025-03-11T16:33:48","slug":"kurse","status":"publish","type":"page","link":"https:\/\/whm-fmf.ch\/de\/kurse\/","title":{"rendered":"Kurse"},"content":{"rendered":"\n<div class=\"wp-block-columns is-layout-flex wp-container-core-columns-is-layout-9d6595d7 wp-block-columns-is-layout-flex\">\n<div class=\"wp-block-column is-layout-flow wp-block-column-is-layout-flow\">\n<p>Lehr\u00e4rzt:innen<\/p>\n\n\n\n<div class=\"wp-block-query is-layout-flow wp-block-query-is-layout-flow\"><ul class=\"wp-block-post-template is-layout-flow wp-block-post-template-is-layout-flow\"><li class=\"wp-block-post post-299 post type-post status-publish format-standard has-post-thumbnail hentry category-kurse-lehraerztinnen\">\n<h2 class=\"wp-block-post-title\"><a href=\"https:\/\/whm-fmf.ch\/de\/einfuehrungskurs-fuer-lehraerztinnen\/\" target=\"_self\" >Einf\u00fchrungskurs f\u00fcr Lehr\u00e4rzt:innen<\/a><\/h2>\n\n<div class=\"wp-block-post-excerpt\"><p class=\"wp-block-post-excerpt__excerpt\">Einf\u00fchrungskurs f\u00fcr Lehr\u00e4rzt:innen <\/p><\/div>\n<\/li><\/ul>\n\n\n\n<\/div>\n<\/div>\n\n\n\n<div class=\"wp-block-column is-layout-flow wp-block-column-is-layout-flow\">\n<p>Assistenz\u00e4rzt:innen<\/p>\n\n\n\n<div class=\"wp-block-query is-layout-flow wp-block-query-is-layout-flow\"><ul class=\"wp-block-post-template is-layout-flow wp-block-post-template-is-layout-flow\"><li class=\"wp-block-post post-1648 post type-post status-publish format-standard has-post-thumbnail hentry category-kurse-assistenzaerztinnen tag-selbstmanagement\">\n<h2 class=\"wp-block-post-title\"><a href=\"https:\/\/whm-fmf.ch\/de\/modul-selbstmanagement\/\" target=\"_self\" >Modul: Selbstmanagement: &#8222;Motiviert &#8211; fokussiert &#8211; in der Balance!&#8220;<\/a><\/h2>\n\n<div class=\"wp-block-post-excerpt\"><p class=\"wp-block-post-excerpt__excerpt\">30. April 2026, vatter Business Center Bern <\/p><\/div>\n<\/li><li class=\"wp-block-post post-314 post type-post status-publish format-standard has-post-thumbnail hentry category-kurse-assistenzaerztinnen\">\n<h2 class=\"wp-block-post-title\"><a href=\"https:\/\/whm-fmf.ch\/de\/modul-praxisformen-und-praxisorganisation\/\" target=\"_self\" >Modul: Praxisformen und Praxisorganisation<\/a><\/h2>\n\n<div class=\"wp-block-post-excerpt\"><p class=\"wp-block-post-excerpt__excerpt\">11. Juni 2026, Welle 7 Bern <\/p><\/div>\n<\/li><li class=\"wp-block-post post-1445 post type-post status-publish format-standard hentry category-kurse-assistenzaerztinnen\">\n<h2 class=\"wp-block-post-title\"><a href=\"https:\/\/whm-fmf.ch\/de\/seminar-1x1-des-praxiseinstiegs\/\" target=\"_self\" >Seminar \u00ab1&#215;1 des Praxiseinstiegs\u00bb<\/a><\/h2>\n\n<div class=\"wp-block-post-excerpt\"><p class=\"wp-block-post-excerpt__excerpt\">29. August 2026, Universit\u00e4tsspital Balgrist <\/p><\/div>\n<\/li><li class=\"wp-block-post post-1058 post type-post status-publish format-standard has-post-thumbnail hentry category-kurse-assistenzaerztinnen\">\n<h2 class=\"wp-block-post-title\"><a href=\"https:\/\/whm-fmf.ch\/de\/leadership-und-kommunikation\/\" target=\"_self\" >Modul: Leadership und Kommunikation f\u00fcr angehende Fach\u00e4rzt:innen<\/a><\/h2>\n\n<div class=\"wp-block-post-excerpt\"><p class=\"wp-block-post-excerpt__excerpt\">17. September 2026, vatter Business Center Bern <\/p><\/div>\n<\/li><li class=\"wp-block-post post-1278 post type-post status-publish format-standard has-post-thumbnail hentry category-kurse-assistenzaerztinnen\">\n<h2 class=\"wp-block-post-title\"><a href=\"https:\/\/whm-fmf.ch\/de\/modul-wirtschaftliche-aspekte-in-der-arztpraxis-2\/\" target=\"_self\" >Modul: Wirtschaftliche Aspekte in der Arztpraxis 2026<\/a><\/h2>\n\n<div class=\"wp-block-post-excerpt\"><p class=\"wp-block-post-excerpt__excerpt\">19. November 2026, Berner Generationenhaus <\/p><\/div>\n<\/li><\/ul>\n\n\n\n<\/div>\n<\/div>\n<\/div>\n","protected":false},"excerpt":{"rendered":"<p>Lehr\u00e4rzt:innen Assistenz\u00e4rzt:innen<\/p>\n","protected":false},"author":1,"featured_media":0,"parent":0,"menu_order":15,"comment_status":"closed","ping_status":"closed","template":"","meta":{"_acf_changed":false,"footnotes":""},"class_list":["post-48","page","type-page","status-publish","hentry"],"acf":[],"_links":{"self":[{"href":"https:\/\/whm-fmf.ch\/de\/wp-json\/wp\/v2\/pages\/48","targetHints":{"allow":["GET"]}}],"collection":[{"href":"https:\/\/whm-fmf.ch\/de\/wp-json\/wp\/v2\/pages"}],"about":[{"href":"https:\/\/whm-fmf.ch\/de\/wp-json\/wp\/v2\/types\/page"}],"author":[{"embeddable":true,"href":"https:\/\/whm-fmf.ch\/de\/wp-json\/wp\/v2\/users\/1"}],"replies":[{"embeddable":true,"href":"https:\/\/whm-fmf.ch\/de\/wp-json\/wp\/v2\/comments?post=48"}],"version-history":[{"count":18,"href":"https:\/\/whm-fmf.ch\/de\/wp-json\/wp\/v2\/pages\/48\/revisions"}],"predecessor-version":[{"id":1434,"href":"https:\/\/whm-fmf.ch\/de\/wp-json\/wp\/v2\/pages\/48\/revisions\/1434"}],"wp:attachment":[{"href":"https:\/\/whm-fmf.ch\/de\/wp-json\/wp\/v2\/media?parent=48"}],"curies":[{"name":"wp","href":"https:\/\/api.w.org\/{rel}","templated":true}]}}