{"id":52,"date":"2022-09-20T06:27:13","date_gmt":"2022-09-20T06:27:13","guid":{"rendered":"https:\/\/dev.whm-fmf.ch\/?page_id=52"},"modified":"2025-08-07T13:34:18","modified_gmt":"2025-08-07T11:34:18","slug":"stiftung-whm","status":"publish","type":"page","link":"https:\/\/whm-fmf.ch\/de\/stiftung-whm\/","title":{"rendered":"Stiftung WHM"},"content":{"rendered":"\n<p>Die gemeinn\u00fctzige Stiftung zur F\u00f6rderung der Weiterbildung in Hausarztmedizin (WHM) wurde 2008 von den f\u00fcnf Stifterorganisationen gegr\u00fcndet. Die <a href=\"\/geschaeftsstelle\">Gesch\u00e4ftsstelle<\/a> befindet sich am Weissenb\u00fchlweg 8, 3007 Bern.<\/p>\n\n\n\n<p>Die Stiftung WHM unterst\u00fctzt und entwickelt Projekte und Massnahmen, welche die Weiterbildung und damit die Qualit\u00e4t der medizinischen Grundversorgung in Hausarzt- und Kinderarztpraxen nachhaltig f\u00f6rdern, sowie die Kompetenz von angehenden Kinder- und Haus\u00e4rzt:innen verbessern.<\/p>\n\n\n\n<p>Seit 2009 betreut die Stiftung WHM das <a href=\"\/mitfinanzierung-praxisassistenz\/\" data-type=\"page\" data-id=\"44\">Praxisassistenz-Programm<\/a> und subventioniert die L\u00f6hne der Praxisassistenz\u00e4rzte und organisiert <a href=\"\/kurse\/einfuehrungskurse-fuer-lehrpraktiker\/\">Lehr\u00e4rzt:innen-Kurse<\/a> sowie\u00a0<a href=\"\/kurse\/praxisfuehrungskurse-fuer-assistenzaerzte\/\">Praxisf\u00fchrungs-Kurse f\u00fcr Assistenz\u00e4rzte<\/a>. Nebst Administration des eigenen Praxisassistenz-Programms, stellt die Stiftung WHM ihre Dienstleistung im Administrationsbereich auch den\u00a0<a href=\"\/praxisassistenz\/kantonale-praxisassistenzen\/\" data-type=\"page\" data-id=\"2\">kantonalen Programmen<\/a> zur Verf\u00fcgung.<\/p>\n\n\n\n<p><\/p>\n\n\n\n<h2 class=\"wp-block-heading\">Stifterorganisationen<\/h2>\n\n\n\n<p>Der Stiftungsrat besteht aus folgenden Gr\u00fcndungsorganisationen<\/p>\n\n\n\n<ul class=\"wp-block-list\">\n<li><a href=\"http:\/\/www.sgaim.ch\/de\/home.html\" target=\"_blank\" rel=\"noreferrer noopener\">SGAIM (Schweizerische Gesellschaft f\u00fcr Allgemeine Innere Medizin \u2013 ehemals SGAM und SGIM)<\/a><\/li>\n\n\n\n<li><a rel=\"noreferrer noopener\" href=\"http:\/\/www.swiss-paediatrics.org\/de\" target=\"_blank\">SGP (Schweizerische Gesellschaft f\u00fcr P\u00e4diatrie)<\/a><\/li>\n\n\n\n<li><a rel=\"noreferrer noopener\" href=\"https:\/\/khm-cmpr.ch\/\" target=\"_blank\">das Kollegium f\u00fcr Hausarztmedizin (KHM)<\/a><\/li>\n\n\n\n<li><a href=\"http:\/\/www.fmh.ch\/\" target=\"_blank\" rel=\"noreferrer noopener\">die Verbindung der Schweizer \u00c4rztinnen und \u00c4rzte (FMH)<\/a><\/li>\n\n\n\n<li><a rel=\"noreferrer noopener\" href=\"http:\/\/www.vsao.ch\/\" target=\"_blank\">der Verband der Schweizerischen Assistenz- und Ober\u00e4rztinnen und -\u00e4rzte (vsao)<\/a><\/li>\n<\/ul>\n\n\n\n<h2 class=\"wp-block-heading\">Partnerorganisationen<\/h2>\n\n\n\n<ul class=\"wp-block-list\">\n<li><a href=\"http:\/\/www.hausaerzteschweiz.ch\/home\/\" target=\"_blank\" rel=\"noreferrer noopener\">Berufsverband der Haus- und Kinder\u00e4rztinnen Schweiz (mfe)<\/a><\/li>\n\n\n\n<li><a href=\"http:\/\/www.jhas.ch\/\" target=\"_blank\" rel=\"noreferrer noopener\">Vereinigung der Jungen Haus\u00e4rztinnen und -\u00e4rzte Schweiz (JHaS)<\/a><\/li>\n\n\n\n<li><a rel=\"noreferrer noopener\" href=\"http:\/\/www.fmh.ch\/bildung-siwf.html\" target=\"_blank\">Schweizerisches Institut f\u00fcr \u00e4rztliche Weiter- und Fortbildung (SIWF)<\/a><\/li>\n<\/ul>\n","protected":false},"excerpt":{"rendered":"<p>Die gemeinn\u00fctzige Stiftung zur F\u00f6rderung der Weiterbildung in Hausarztmedizin (WHM) wurde 2008 von den f\u00fcnf Stifterorganisationen gegr\u00fcndet. Die Gesch\u00e4ftsstelle befindet sich am Weissenb\u00fchlweg 8, 3007 Bern. Die Stiftung WHM unterst\u00fctzt und entwickelt Projekte und Massnahmen, welche die Weiterbildung und damit die Qualit\u00e4t der medizinischen Grundversorgung in Hausarzt- und Kinderarztpraxen nachhaltig f\u00f6rdern, sowie die Kompetenz von [&hellip;]<\/p>\n","protected":false},"author":1,"featured_media":0,"parent":0,"menu_order":21,"comment_status":"closed","ping_status":"closed","template":"","meta":{"_acf_changed":false,"footnotes":""},"class_list":["post-52","page","type-page","status-publish","hentry"],"acf":[],"_links":{"self":[{"href":"https:\/\/whm-fmf.ch\/de\/wp-json\/wp\/v2\/pages\/52","targetHints":{"allow":["GET"]}}],"collection":[{"href":"https:\/\/whm-fmf.ch\/de\/wp-json\/wp\/v2\/pages"}],"about":[{"href":"https:\/\/whm-fmf.ch\/de\/wp-json\/wp\/v2\/types\/page"}],"author":[{"embeddable":true,"href":"https:\/\/whm-fmf.ch\/de\/wp-json\/wp\/v2\/users\/1"}],"replies":[{"embeddable":true,"href":"https:\/\/whm-fmf.ch\/de\/wp-json\/wp\/v2\/comments?post=52"}],"version-history":[{"count":17,"href":"https:\/\/whm-fmf.ch\/de\/wp-json\/wp\/v2\/pages\/52\/revisions"}],"predecessor-version":[{"id":1627,"href":"https:\/\/whm-fmf.ch\/de\/wp-json\/wp\/v2\/pages\/52\/revisions\/1627"}],"wp:attachment":[{"href":"https:\/\/whm-fmf.ch\/de\/wp-json\/wp\/v2\/media?parent=52"}],"curies":[{"name":"wp","href":"https:\/\/api.w.org\/{rel}","templated":true}]}}