{"id":538,"date":"2023-03-09T15:26:48","date_gmt":"2023-03-09T15:26:48","guid":{"rendered":"https:\/\/dev.whm-fmf.ch\/?page_id=538"},"modified":"2023-11-23T15:29:42","modified_gmt":"2023-11-23T13:29:42","slug":"datenschutz","status":"publish","type":"page","link":"https:\/\/whm-fmf.ch\/de\/datenschutz\/","title":{"rendered":"Datenschutzerkl\u00e4rung"},"content":{"rendered":"\n<p>Die vorliegende Datenschutzerkl\u00e4rung kl\u00e4rt Sie \u00fcber die Art, den Umfang und den Zweck der Erhebung und Verwendung personenbezogener Daten auf unserer Website <a href=\"https:\/\/whm-fmf.ch\">https:\/\/whm-fmf.ch<\/a> (im Folgenden \u201eWebsite\u201c) durch die Stiftung WHM (im Folgenden \u201ewir\u201c oder \u201euns\u201c) auf und gibt \u00fcber die Ihnen zustehenden Rechte Auskunft. Diese Rechte richten sich nach den anwendbaren Datenschutzgesetzen.<\/p>\n\n\n\n<h2 class=\"wp-block-heading\"><strong>Verantwortlicher f\u00fcr die Datenbearbeitung<\/strong><\/h2>\n\n\n\n<p>Verantwortlicher f\u00fcr die Datenbearbeitung auf dieser Website und Ansprechpartner f\u00fcr Datenschutzanliegen ist:<\/p>\n\n\n\n<p><strong>Stiftung WHM<\/strong><br>Weissenb\u00fchlweg 8<br>3007 Bern<br>031 371 84 04<br><a href=\"mailto:info@whm-fmf.ch\">info@whm-fmf.ch<\/a><br><a href=\"http:\/\/www.whm-fmf.ch\">www.whm-fmf.ch<\/a><\/p>\n\n\n\n<h2 class=\"wp-block-heading\"><strong>Datenerfassung auf dieser Website<\/strong><\/h2>\n\n\n\n<h3 class=\"wp-block-heading\"><strong>Nutzung der Website<\/strong><\/h3>\n\n\n\n<p>Beim Besuch unserer Website werden automatisch allgemeine technische Besuchsinformationen aufgezeichnet. Hierbei handelt es sich insbesondere um folgende Informationen: besuchte Seite, Uhrzeit zum Zeitpunkt des Zugriffs, Menge der gesendeten Daten in Byte, Quelle\/Verweise, von wo aus Sie auf die Seite gelangten, verwendeter Browser und Version, verwendetes Betriebssystem, verwendete IP-Adresse. Weiter verwendet unsere Webseite Cookies, welche f\u00fcr den Betrieb unserer Webseite unabdingbar sind (d.h. technisch notwendige Cookies). Dar\u00fcber hinaus verwenden wir keine Cookies und keine Analysetools. S\u00e4mtliche Daten werden grunds\u00e4tzlich zu keinem anderen Zweck als zum Betrieb unserer Website verwendet. Es kann sein, dass aus Sicherheitsgr\u00fcnden (z. B. um Missbrauchsf\u00e4lle aufzukl\u00e4ren) bestimmte Daten weiterverarbeitet werden. M\u00fcssen Daten aus Beweisgr\u00fcnden aufbewahrt werden, werden sie so lange gespeichert, bis der Vorfall endg\u00fcltig gekl\u00e4rt ist.<\/p>\n\n\n\n<h3 class=\"wp-block-heading\"><strong>Datenschutz und Websites Dritter<\/strong><\/h3>\n\n\n\n<p>Die Website kann Hyperlinks zu und von Websites Dritter enthalten. Wenn Sie einem Hyperlink zu einer dieser Websites folgen, beachten Sie bitte, dass wir keine Verantwortung oder Gew\u00e4hr f\u00fcr fremde Inhalte oder Datenschutzbedingungen \u00fcbernehmen k\u00f6nnen. Bitte vergewissern Sie sich der jeweils geltenden Datenschutzbedingungen, bevor Sie personenbezogene Daten an diese Websites \u00fcbermitteln.<\/p>\n\n\n\n<h3 class=\"wp-block-heading\"><strong>Anmeldung Kurse<\/strong><\/h3>\n\n\n\n<p>Wenn Sie sich auf unserer Webseite f\u00fcr einen Kurs anmelden, werden die von Ihnen eingegebenen Informationen gespeichert. Wir erfassen folgende Angaben:<\/p>\n\n\n\n<p>Vor- und Nachname<br>Facharzttitel<br>GLN-Nummer<br>E-Mail-Adresse<br>Adresse<br>Telefonnummer<\/p>\n\n\n\n<p>Wir verwenden die Daten, um Ihre Anmeldung zu bearbeiten. Sofern die DSGVO anwendbar ist, sind Grundlage f\u00fcr diese Datenbearbeitung Art. 6 Abs. 1 lit. b und f DSGVO.<\/p>\n\n\n\n<h2 class=\"wp-block-heading\"><strong>Weitergabe von Daten an Dritte<\/strong><\/h2>\n\n\n\n<p>Damit wir Ihnen die Informationen auf unserer Website anbieten k\u00f6nnen, arbeiten wir mit verschiedenen Dienstleistern zusammen, namentlich mit IT-Dienstleistern, um Ihnen eine zeitgem\u00e4sse Website anbieten zu k\u00f6nnen. Diese verwenden Ihre Daten nur im Rahmen der Auftragsabwicklungen f\u00fcr uns.<\/p>\n\n\n\n<p>Zwecks Qualit\u00e4tssicherung des Registers der zertifizierten Weiterbildungsst\u00e4tten erfolgt ein Datenabgleich mit dem SIWF. Dabei gibt die Stiftung WHM nur die f\u00fcr diesen Zweck erforderlichen Daten weiter. Die Datenverarbeitung erfolgt entsprechend den Datenschutzbestimmungen des SIWF (https:\/\/siwf.ch\/_service\/datenschutzerklaerung.cfm).<\/p>\n\n\n\n<p>Wir nehmen keine Daten\u00fcbermittlung an Stellen ausserhalb der Schweiz und der Europ\u00e4ischen Union (Drittstaat) ohne Ihre Einwilligung nur vor, sofern dies nach dem jeweiligen Vertrag erforderlich ist, zur Erf\u00fcllung gesetzlicher Verpflichtungen oder zur Wahrung unserer berechtigten Interessen.<\/p>\n\n\n\n<h2 class=\"wp-block-heading\"><strong>Ihre Rechte<\/strong><\/h2>\n\n\n\n<p>Soweit von dem auf Sie anwendbaren Datenschutzrecht vorgesehen, k\u00f6nnen Sie unentgeltlich Auskunft \u00fcber die auf Sie bezogenen gespeicherten Daten, deren Herkunft und Empf\u00e4nger und den Zweck der Datenbearbeitung verlangen. Ebenso steht Ihnen unter den gesetzlichen Voraussetzungen ein Recht auf Berichtigung, L\u00f6schung, Einschr\u00e4nkung der oder Widerspruch gegen die Bearbeitung sowie, sofern die DSGVO zur Anwendung gelangt, auf Herausgabe dieser Daten zur \u00dcbertragung an eine andere Stelle zu.<\/p>\n\n\n\n<p>Eine von Ihnen erteilte Einwilligung k\u00f6nnen Sie mit Wirkung f\u00fcr die Zukunft jederzeit widerrufen. Dazu reicht eine formlose Mitteilung per E-Mail an <a href=\"mailto:info@whm-fmf.ch\">info@whm-fmf.ch<\/a>.<\/p>\n\n\n\n<p>Bitte beachten Sie, dass die vorstehenden Rechte gesetzlichen Einschr\u00e4nkungen unterstehen und ggf. die Erbringung unserer Dienstleistungen beeintr\u00e4chtigen oder verunm\u00f6glichen k\u00f6nnen.<\/p>\n\n\n\n<p>Sie sind berechtigt, Ihre Anspr\u00fcche gerichtlich durchzusetzen oder eine Beschwerde bei der zust\u00e4ndigen Datenschutzbeh\u00f6rde einzureichen. F\u00fcr die Schweiz ist der Eidgen\u00f6ssische Datenschutz- und \u00d6ffentlichkeitsbeauftragte zust\u00e4ndig (<a href=\"http:\/\/www.edoeb.admin.ch\">http:\/\/www.edoeb.admin.ch<\/a>).<\/p>\n\n\n\n<h2 class=\"wp-block-heading\"><strong>Aktualit\u00e4t und \u00c4nderung dieser Datenschutzerkl\u00e4rung<\/strong><\/h2>\n\n\n\n<p>Wir behalten uns das Recht vor, diese Datenschutzerkl\u00e4rung jederzeit mit Wirkung f\u00fcr die Zukunft zu \u00e4ndern. Eine jeweils aktuelle Version ist auf der Website verf\u00fcgbar. Bitte suchen Sie die Website regelm\u00e4ssig auf und informieren Sie sich \u00fcber die geltende Datenschutzerkl\u00e4rung.<\/p>\n\n\n\n<p>Letzte \u00c4nderung: 2. August 2023<\/p>\n","protected":false},"excerpt":{"rendered":"<p>Die vorliegende Datenschutzerkl\u00e4rung kl\u00e4rt Sie \u00fcber die Art, den Umfang und den Zweck der Erhebung und Verwendung personenbezogener Daten auf unserer Website https:\/\/whm-fmf.ch (im Folgenden \u201eWebsite\u201c) durch die Stiftung WHM (im Folgenden \u201ewir\u201c oder \u201euns\u201c) auf und gibt \u00fcber die Ihnen zustehenden Rechte Auskunft. Diese Rechte richten sich nach den anwendbaren Datenschutzgesetzen. Verantwortlicher f\u00fcr die [&hellip;]<\/p>\n","protected":false},"author":1,"featured_media":0,"parent":0,"menu_order":8,"comment_status":"closed","ping_status":"closed","template":"","meta":{"_acf_changed":false,"footnotes":""},"class_list":["post-538","page","type-page","status-publish","hentry"],"acf":[],"_links":{"self":[{"href":"https:\/\/whm-fmf.ch\/de\/wp-json\/wp\/v2\/pages\/538","targetHints":{"allow":["GET"]}}],"collection":[{"href":"https:\/\/whm-fmf.ch\/de\/wp-json\/wp\/v2\/pages"}],"about":[{"href":"https:\/\/whm-fmf.ch\/de\/wp-json\/wp\/v2\/types\/page"}],"author":[{"embeddable":true,"href":"https:\/\/whm-fmf.ch\/de\/wp-json\/wp\/v2\/users\/1"}],"replies":[{"embeddable":true,"href":"https:\/\/whm-fmf.ch\/de\/wp-json\/wp\/v2\/comments?post=538"}],"version-history":[{"count":3,"href":"https:\/\/whm-fmf.ch\/de\/wp-json\/wp\/v2\/pages\/538\/revisions"}],"predecessor-version":[{"id":932,"href":"https:\/\/whm-fmf.ch\/de\/wp-json\/wp\/v2\/pages\/538\/revisions\/932"}],"wp:attachment":[{"href":"https:\/\/whm-fmf.ch\/de\/wp-json\/wp\/v2\/media?parent=538"}],"curies":[{"name":"wp","href":"https:\/\/api.w.org\/{rel}","templated":true}]}}