{"id":59,"date":"2022-09-20T06:43:01","date_gmt":"2022-09-20T06:43:01","guid":{"rendered":"https:\/\/dev.whm-fmf.ch\/?page_id=59"},"modified":"2025-07-01T17:24:11","modified_gmt":"2025-07-01T15:24:11","slug":"geschaeftsstelle","status":"publish","type":"page","link":"https:\/\/whm-fmf.ch\/de\/stiftung-whm\/geschaeftsstelle\/","title":{"rendered":"Gesch\u00e4ftsstelle"},"content":{"rendered":"\n<div class=\"wp-block-columns team-name is-layout-flex wp-container-core-columns-is-layout-9d6595d7 wp-block-columns-is-layout-flex\">\n<div class=\"wp-block-column is-layout-flow wp-block-column-is-layout-flow\">\n<figure class=\"wp-block-image size-full\"><img loading=\"lazy\" decoding=\"async\" width=\"4131\" height=\"4131\" src=\"https:\/\/whm-fmf.ch\/wp-content\/uploads\/2025\/07\/IMG_3582-edited.png\" alt=\"\" class=\"wp-image-1549\" srcset=\"https:\/\/whm-fmf.ch\/wp-content\/uploads\/2025\/07\/IMG_3582-edited.png 4131w, https:\/\/whm-fmf.ch\/wp-content\/uploads\/2025\/07\/IMG_3582-edited-300x300.png 300w, https:\/\/whm-fmf.ch\/wp-content\/uploads\/2025\/07\/IMG_3582-edited-1024x1024.png 1024w, https:\/\/whm-fmf.ch\/wp-content\/uploads\/2025\/07\/IMG_3582-edited-150x150.png 150w, https:\/\/whm-fmf.ch\/wp-content\/uploads\/2025\/07\/IMG_3582-edited-768x768.png 768w, https:\/\/whm-fmf.ch\/wp-content\/uploads\/2025\/07\/IMG_3582-edited-1536x1536.png 1536w, https:\/\/whm-fmf.ch\/wp-content\/uploads\/2025\/07\/IMG_3582-edited-2048x2048.png 2048w\" sizes=\"auto, (max-width: 4131px) 100vw, 4131px\" \/><\/figure>\n\n\n\n<h2 class=\"wp-block-heading team-name\"><strong>Sarina Keller<\/strong><\/h2>\n\n\n\n<p><strong>Gesch\u00e4ftsf\u00fchrerin<\/strong><br>Rechtsanw\u00e4ltin<br><a href=\"mailto:s.keller@whm-fmf.ch\">E-Mail<\/a><\/p>\n<\/div>\n\n\n\n<div class=\"wp-block-column is-layout-flow wp-block-column-is-layout-flow\">\n<figure class=\"wp-block-image size-full\"><img loading=\"lazy\" decoding=\"async\" width=\"600\" height=\"600\" src=\"https:\/\/dev.whm-fmf.ch\/wp-content\/uploads\/2023\/02\/henrik_zimmermann.jpg\" alt=\"Portraitfoto Henrik Zimmermann\" class=\"wp-image-216\" srcset=\"https:\/\/whm-fmf.ch\/wp-content\/uploads\/2023\/02\/henrik_zimmermann.jpg 600w, https:\/\/whm-fmf.ch\/wp-content\/uploads\/2023\/02\/henrik_zimmermann-300x300.jpg 300w, https:\/\/whm-fmf.ch\/wp-content\/uploads\/2023\/02\/henrik_zimmermann-150x150.jpg 150w\" sizes=\"auto, (max-width: 600px) 100vw, 600px\" \/><\/figure>\n\n\n\n<h2 class=\"wp-block-heading team-name\"><strong>Henrik Zimmermann<\/strong><\/h2>\n\n\n\n<p><strong>Stv. Gesch\u00e4ftsf\u00fchrer<\/strong><br>Verantwortlicher Gesuche\/ Vertr\u00e4ge<br><\/p>\n\n\n\n<p><br><a href=\"mailto:h.zimmermann@whm-fmf.ch\">E-Mail<\/a><\/p>\n<\/div>\n\n\n\n<div class=\"wp-block-column is-layout-flow wp-block-column-is-layout-flow\">\n<figure class=\"wp-block-image size-full\"><img loading=\"lazy\" decoding=\"async\" width=\"600\" height=\"600\" src=\"https:\/\/dev.whm-fmf.ch\/wp-content\/uploads\/2023\/02\/reka_veress.jpg\" alt=\"Portraitfoto R\u00e9ka Veress\" class=\"wp-image-220\" srcset=\"https:\/\/whm-fmf.ch\/wp-content\/uploads\/2023\/02\/reka_veress.jpg 600w, https:\/\/whm-fmf.ch\/wp-content\/uploads\/2023\/02\/reka_veress-300x300.jpg 300w, https:\/\/whm-fmf.ch\/wp-content\/uploads\/2023\/02\/reka_veress-150x150.jpg 150w\" sizes=\"auto, (max-width: 600px) 100vw, 600px\" \/><\/figure>\n\n\n\n<h2 class=\"wp-block-heading team-name\"><strong>R\u00e9ka Veress-Daugaard<\/strong><\/h2>\n\n\n\n<p><strong>Leiterin Didaktik<\/strong><br>Fach\u00e4rztin AIM<br><a href=\"mailto:r.veress@whm-fmf.ch\">E-Mail<\/a><\/p>\n<\/div>\n<\/div>\n\n\n\n<div class=\"wp-block-columns team-name is-layout-flex wp-container-core-columns-is-layout-9d6595d7 wp-block-columns-is-layout-flex\">\n<div class=\"wp-block-column is-layout-flow wp-block-column-is-layout-flow\">\n<figure class=\"wp-block-image size-full\"><img loading=\"lazy\" decoding=\"async\" width=\"600\" height=\"600\" src=\"https:\/\/dev.whm-fmf.ch\/wp-content\/uploads\/2023\/02\/sylvie_bayard.jpg\" alt=\"Portraitfoto Sylvie Bayard\" class=\"wp-image-219\" srcset=\"https:\/\/whm-fmf.ch\/wp-content\/uploads\/2023\/02\/sylvie_bayard.jpg 600w, https:\/\/whm-fmf.ch\/wp-content\/uploads\/2023\/02\/sylvie_bayard-300x300.jpg 300w, https:\/\/whm-fmf.ch\/wp-content\/uploads\/2023\/02\/sylvie_bayard-150x150.jpg 150w\" sizes=\"auto, (max-width: 600px) 100vw, 600px\" \/><\/figure>\n\n\n\n<h2 class=\"wp-block-heading team-name\"><strong>Sylvie Bayard<\/strong><\/h2>\n\n\n\n<p><strong>Verantwortliche Finanzen<\/strong><br>Vertr\u00e4ge (Personalverleih)<br><br><a href=\"mailto:s.bayard@whm-fmf.ch\">E-Mail<\/a><\/p>\n<\/div>\n\n\n\n<div class=\"wp-block-column is-layout-flow wp-block-column-is-layout-flow\">\n<figure class=\"wp-block-image size-full is-resized\"><img loading=\"lazy\" decoding=\"async\" width=\"600\" height=\"600\" src=\"https:\/\/dev.whm-fmf.ch\/wp-content\/uploads\/2023\/02\/evelyne_holzmann.jpg\" alt=\"Portraitfoto Evelyne Holzmann\" class=\"wp-image-217\" style=\"aspect-ratio:1;width:274px;height:auto\" srcset=\"https:\/\/whm-fmf.ch\/wp-content\/uploads\/2023\/02\/evelyne_holzmann.jpg 600w, https:\/\/whm-fmf.ch\/wp-content\/uploads\/2023\/02\/evelyne_holzmann-300x300.jpg 300w, https:\/\/whm-fmf.ch\/wp-content\/uploads\/2023\/02\/evelyne_holzmann-150x150.jpg 150w\" sizes=\"auto, (max-width: 600px) 100vw, 600px\" \/><\/figure>\n\n\n\n<h2 class=\"wp-block-heading team-name\"><strong>Evelyne Holzmann<\/strong><\/h2>\n\n\n\n<p><strong>Lehr\u00e4rzt:innenkurse und HR<\/strong><br><a href=\"mailto:e.holzmann@whm-fmf.ch\">E-Mail<\/a><\/p>\n<\/div>\n\n\n\n<div class=\"wp-block-column is-layout-flow wp-block-column-is-layout-flow\">\n<figure class=\"wp-block-image size-large\"><img loading=\"lazy\" decoding=\"async\" width=\"1024\" height=\"1024\" src=\"https:\/\/whm-fmf.ch\/wp-content\/uploads\/2024\/10\/celine_WHM-cropped-1024x1024.jpg\" alt=\"\" class=\"wp-image-1264\" srcset=\"https:\/\/whm-fmf.ch\/wp-content\/uploads\/2024\/10\/celine_WHM-cropped-1024x1024.jpg 1024w, https:\/\/whm-fmf.ch\/wp-content\/uploads\/2024\/10\/celine_WHM-cropped-300x300.jpg 300w, https:\/\/whm-fmf.ch\/wp-content\/uploads\/2024\/10\/celine_WHM-cropped-150x150.jpg 150w, https:\/\/whm-fmf.ch\/wp-content\/uploads\/2024\/10\/celine_WHM-cropped-768x768.jpg 768w, https:\/\/whm-fmf.ch\/wp-content\/uploads\/2024\/10\/celine_WHM-cropped-1536x1536.jpg 1536w, https:\/\/whm-fmf.ch\/wp-content\/uploads\/2024\/10\/celine_WHM-cropped-2048x2048.jpg 2048w\" sizes=\"auto, (max-width: 1024px) 100vw, 1024px\" \/><\/figure>\n\n\n\n<h2 class=\"wp-block-heading team-name\"><strong>Celine Lim<\/strong><\/h2>\n\n\n\n<p><strong>Marketing und Kommunikation<\/strong><br>Praxisf\u00fchrungskurse, Evaluationen<br><br><a href=\"mailto:c.lim@whm-fmf.ch\">E-Mail<\/a><\/p>\n<\/div>\n<\/div>\n\n\n\n<div class=\"wp-block-columns team-name is-layout-flex wp-container-core-columns-is-layout-9d6595d7 wp-block-columns-is-layout-flex\">\n<div class=\"wp-block-column is-layout-flow wp-block-column-is-layout-flow\">\n<figure class=\"wp-block-gallery has-nested-images columns-default is-cropped wp-block-gallery-1 is-layout-flex wp-block-gallery-is-layout-flex\">\n<figure class=\"wp-block-image size-full\"><img loading=\"lazy\" decoding=\"async\" width=\"4160\" height=\"4160\" data-id=\"1547\" src=\"https:\/\/whm-fmf.ch\/wp-content\/uploads\/2025\/07\/IMG_3522-edited.png\" alt=\"\" class=\"wp-image-1547\" srcset=\"https:\/\/whm-fmf.ch\/wp-content\/uploads\/2025\/07\/IMG_3522-edited.png 4160w, https:\/\/whm-fmf.ch\/wp-content\/uploads\/2025\/07\/IMG_3522-edited-300x300.png 300w, https:\/\/whm-fmf.ch\/wp-content\/uploads\/2025\/07\/IMG_3522-edited-1024x1024.png 1024w, https:\/\/whm-fmf.ch\/wp-content\/uploads\/2025\/07\/IMG_3522-edited-150x150.png 150w, https:\/\/whm-fmf.ch\/wp-content\/uploads\/2025\/07\/IMG_3522-edited-768x768.png 768w, https:\/\/whm-fmf.ch\/wp-content\/uploads\/2025\/07\/IMG_3522-edited-1536x1536.png 1536w, https:\/\/whm-fmf.ch\/wp-content\/uploads\/2025\/07\/IMG_3522-edited-2048x2048.png 2048w\" sizes=\"auto, (max-width: 4160px) 100vw, 4160px\" \/><\/figure>\n<\/figure>\n\n\n\n<h2 class=\"wp-block-heading team-name\"><strong>Camille Meyer<\/strong><\/h2>\n\n\n\n<p><strong>Mitarbeiterin<\/strong><br>Gesuchswesen und Vertr\u00e4ge<br><br><a href=\"mailto:c.meyer@whm-fmf.ch\">E-Mail<\/a><\/p>\n<\/div>\n\n\n\n<div class=\"wp-block-column is-layout-flow wp-block-column-is-layout-flow\">\n<h2 class=\"wp-block-heading team-name\"><\/h2>\n\n\n\n<p><br><\/p>\n<\/div>\n\n\n\n<div class=\"wp-block-column is-layout-flow wp-block-column-is-layout-flow\">\n<h3 class=\"wp-block-heading\"><\/h3>\n\n\n\n<p><br><\/p>\n<\/div>\n<\/div>\n","protected":false},"excerpt":{"rendered":"<p>Sarina Keller Gesch\u00e4ftsf\u00fchrerinRechtsanw\u00e4ltinE-Mail Henrik Zimmermann Stv. Gesch\u00e4ftsf\u00fchrerVerantwortlicher Gesuche\/ Vertr\u00e4ge E-Mail R\u00e9ka Veress-Daugaard Leiterin DidaktikFach\u00e4rztin AIME-Mail Sylvie Bayard Verantwortliche FinanzenVertr\u00e4ge (Personalverleih) E-Mail Evelyne Holzmann Lehr\u00e4rzt:innenkurse und HRE-Mail Celine Lim Marketing und KommunikationPraxisf\u00fchrungskurse, Evaluationen E-Mail Camille Meyer MitarbeiterinGesuchswesen und Vertr\u00e4ge E-Mail<\/p>\n","protected":false},"author":1,"featured_media":0,"parent":52,"menu_order":0,"comment_status":"closed","ping_status":"closed","template":"","meta":{"_acf_changed":false,"footnotes":""},"class_list":["post-59","page","type-page","status-publish","hentry"],"acf":[],"_links":{"self":[{"href":"https:\/\/whm-fmf.ch\/de\/wp-json\/wp\/v2\/pages\/59","targetHints":{"allow":["GET"]}}],"collection":[{"href":"https:\/\/whm-fmf.ch\/de\/wp-json\/wp\/v2\/pages"}],"about":[{"href":"https:\/\/whm-fmf.ch\/de\/wp-json\/wp\/v2\/types\/page"}],"author":[{"embeddable":true,"href":"https:\/\/whm-fmf.ch\/de\/wp-json\/wp\/v2\/users\/1"}],"replies":[{"embeddable":true,"href":"https:\/\/whm-fmf.ch\/de\/wp-json\/wp\/v2\/comments?post=59"}],"version-history":[{"count":25,"href":"https:\/\/whm-fmf.ch\/de\/wp-json\/wp\/v2\/pages\/59\/revisions"}],"predecessor-version":[{"id":1573,"href":"https:\/\/whm-fmf.ch\/de\/wp-json\/wp\/v2\/pages\/59\/revisions\/1573"}],"up":[{"embeddable":true,"href":"https:\/\/whm-fmf.ch\/de\/wp-json\/wp\/v2\/pages\/52"}],"wp:attachment":[{"href":"https:\/\/whm-fmf.ch\/de\/wp-json\/wp\/v2\/media?parent=59"}],"curies":[{"name":"wp","href":"https:\/\/api.w.org\/{rel}","templated":true}]}}