{"id":65,"date":"2022-09-20T06:46:36","date_gmt":"2022-09-20T06:46:36","guid":{"rendered":"https:\/\/dev.whm-fmf.ch\/?page_id=65"},"modified":"2025-10-07T10:25:46","modified_gmt":"2025-10-07T08:25:46","slug":"unsere-dienstleistungen","status":"publish","type":"page","link":"https:\/\/whm-fmf.ch\/de\/","title":{"rendered":"Unsere Dienstleistungen"},"content":{"rendered":"\n<h2 class=\"wp-block-heading\">15 Jahre WHM<\/h2>\n\n\n\n<figure class=\"wp-block-video\"><video height=\"2160\" style=\"aspect-ratio: 3840 \/ 2160;\" width=\"3840\" autoplay controls loop muted src=\"https:\/\/whm-fmf.ch\/wp-content\/uploads\/2025\/10\/52510_WHM_Videos-15_Jahr_Jubilaeum-laura-mercuriali_Persoenlich.mp4\"><\/video><figcaption class=\"wp-element-caption\">Dr. med. Laura Mercuriali erz\u00e4hlt von ihren Erfahrungen als Praxisassistenz\u00e4rztin.<\/figcaption><\/figure>\n\n\n\n<div class=\"wp-block-columns desktop-ausblenden abstand-oben is-layout-flex wp-container-core-columns-is-layout-9d6595d7 wp-block-columns-is-layout-flex\">\n<div class=\"wp-block-column is-layout-flow wp-block-column-is-layout-flow\">\n<figure class=\"wp-block-image size-full is-resized\"><img loading=\"lazy\" decoding=\"async\" width=\"415\" height=\"296\" src=\"https:\/\/dev.whm-fmf.ch\/wp-content\/uploads\/2022\/09\/logo-whm-EV3-10-1.png\" alt=\"\" class=\"wp-image-147\" style=\"width:104px;height:74px\" srcset=\"https:\/\/whm-fmf.ch\/wp-content\/uploads\/2022\/09\/logo-whm-EV3-10-1.png 415w, https:\/\/whm-fmf.ch\/wp-content\/uploads\/2022\/09\/logo-whm-EV3-10-1-300x214.png 300w\" sizes=\"auto, (max-width: 415px) 100vw, 415px\" \/><\/figure>\n\n\n\n<h2 class=\"wp-block-heading\"><a href=\"\/mitfinanzierung-praxisassistenz\/\" data-type=\"page\" data-id=\"44\">Praxisassistenz<\/a><\/h2>\n\n\n\n<p><a href=\"\/mitfinanzierung-praxisassistenz\/\" data-type=\"page\" data-id=\"44\">Auf diesen Seiten finden Sie alle Informationen zur Mitfinanzierung ihrer Praxisassistenz.<\/a><\/p>\n<\/div>\n\n\n\n<div class=\"wp-block-column is-layout-flow wp-block-column-is-layout-flow\">\n<figure class=\"wp-block-image size-full is-resized\"><img loading=\"lazy\" decoding=\"async\" width=\"415\" height=\"296\" src=\"https:\/\/dev.whm-fmf.ch\/wp-content\/uploads\/2022\/09\/logo-whm-EV3-11.png\" alt=\"\" class=\"wp-image-148\" style=\"width:104px;height:74px\" srcset=\"https:\/\/whm-fmf.ch\/wp-content\/uploads\/2022\/09\/logo-whm-EV3-11.png 415w, https:\/\/whm-fmf.ch\/wp-content\/uploads\/2022\/09\/logo-whm-EV3-11-300x214.png 300w\" sizes=\"auto, (max-width: 415px) 100vw, 415px\" \/><\/figure>\n\n\n\n<h2 class=\"wp-block-heading\"><a href=\"\/kurse\/\" data-type=\"page\" data-id=\"48\">Kurse<\/a><\/h2>\n\n\n\n<p><a href=\"\/kurse\/\" data-type=\"page\" data-id=\"48\">Melden Sie sich f\u00fcr die verschiedenen Kurse der Stiftung WHM an.<\/a><\/p>\n<\/div>\n\n\n\n<div class=\"wp-block-column is-layout-flow wp-block-column-is-layout-flow\">\n<figure class=\"wp-block-image size-full is-resized\"><img loading=\"lazy\" decoding=\"async\" width=\"415\" height=\"296\" src=\"https:\/\/dev.whm-fmf.ch\/wp-content\/uploads\/2022\/09\/logo-whm-EV3-12.png\" alt=\"\" class=\"wp-image-150\" style=\"width:104px;height:74px\" srcset=\"https:\/\/whm-fmf.ch\/wp-content\/uploads\/2022\/09\/logo-whm-EV3-12.png 415w, https:\/\/whm-fmf.ch\/wp-content\/uploads\/2022\/09\/logo-whm-EV3-12-300x214.png 300w\" sizes=\"auto, (max-width: 415px) 100vw, 415px\" \/><\/figure>\n\n\n\n<h2 class=\"wp-block-heading\"><a href=\"\/stellenangebote\/\" data-type=\"page\" data-id=\"34\">Stellenb\u00f6rse<\/a><\/h2>\n\n\n\n<p><a href=\"\/stellenangebote\/\" data-type=\"page\" data-id=\"34\">Hier finden Sie die Stellenangebote in der Hausarztmedizin.<\/a><\/p>\n<\/div>\n<\/div>\n\n\n\n<h1 class=\"wp-block-heading abstand-oben\">Aktuelles<\/h1>\n\n\n\n<div class=\"wp-block-query is-layout-flow wp-block-query-is-layout-flow\"><ul class=\"wp-block-post-template is-layout-flow wp-block-post-template-is-layout-flow\"><li class=\"wp-block-post post-1801 post type-post status-publish format-standard hentry category-aktuell\">\n<div class=\"wp-block-post-date\"><time datetime=\"2026-03-09T10:33:08+02:00\">9. M\u00e4rz 2026<\/time><\/div>\n\n<h2 class=\"wp-block-post-title\"><a href=\"https:\/\/whm-fmf.ch\/de\/corso-per-medici-formatori-universita-della-svizzera-italiana-lugano-campus-est-giovedi-22-ottobre-2026\/\" target=\"_self\" >Corso per medici formatori Universit\u00e0 della Svizzera italiana Lugano, Campus Est Gioved\u00ec, 22 ottobre 2026<\/a><\/h2>\n\n\n\n<div class=\"wp-block-post-excerpt\"><p class=\"wp-block-post-excerpt__excerpt\">Questo corso introduttivo \u00e8 un prerequisito per il riconoscimento della ISFM\/SIWF come formatore di pratica clinica e per il cofinanziamento da parte della Fondazione WHM o di uno dei programmi cantonali di Praxisassistenz. La Fondazione WHM, in collaborazione con l&#8217;Istituto di medicina di famiglia (IMF), propone un corso introduttivo per medici formatori gioved\u00ec 22 ottobre&hellip; <\/p><\/div>\n\n\n<hr class=\"wp-block-separator has-css-opacity\"\/>\n\n<\/li><li class=\"wp-block-post post-1757 post type-post status-publish format-standard hentry category-aktuell\">\n<div class=\"wp-block-post-date\"><time datetime=\"2026-01-20T11:31:32+02:00\">20. Januar 2026<\/time><\/div>\n\n<h2 class=\"wp-block-post-title\"><a href=\"https:\/\/whm-fmf.ch\/de\/kursleiterin-fuer-unsere-lehraerztinnenkurse-gesucht\/\" target=\"_self\" >Kursleiter:in f\u00fcr unsere Lehr\u00e4rzt:innenkurse gesucht<\/a><\/h2>\n\n\n\n<div class=\"wp-block-post-excerpt\"><p class=\"wp-block-post-excerpt__excerpt\">M\u00f6chten Sie Ihre Erfahrung und Ihr Engagement in der Weiterbildung von Praxisassistenz\u00e4rzt:innen einbringen und damit aktiv zur F\u00f6rderung der n\u00e4chsten Generation von jungen \u00c4rzt:innen in der ambulanten Grundversorgung beitragen? Unsere praxisnahen Einf\u00fchrungskurse f\u00fcr Lehr\u00e4rzt:innen bereiten Fach\u00e4rzt:innen umfassend auf die Rolle als Lehr\u00e4rzt:in vor. Ihre Rolle als Kursleiter:in Warum sich Ihr Engagement lohnt Ihr Profil Interessiert?&hellip; <\/p><\/div>\n\n\n<hr class=\"wp-block-separator has-css-opacity\"\/>\n\n<\/li><li class=\"wp-block-post post-1673 post type-post status-publish format-standard hentry category-aktuell\">\n<div class=\"wp-block-post-date\"><time datetime=\"2025-11-27T12:29:03+02:00\">27. November 2025<\/time><\/div>\n\n<h2 class=\"wp-block-post-title\"><a href=\"https:\/\/whm-fmf.ch\/de\/lehraerztinnenkurse-2026\/\" target=\"_self\" >Lehr\u00e4rzt:innenkurse 2026<\/a><\/h2>\n\n\n\n<div class=\"wp-block-post-excerpt\"><p class=\"wp-block-post-excerpt__excerpt\">Die Anmeldung f\u00fcr die Lehr\u00e4rzt:innenkurse bis September 2026 ist per sofort ge\u00f6ffnet. <\/p><\/div>\n\n\n<hr class=\"wp-block-separator has-css-opacity\"\/>\n\n<\/li><\/ul><\/div>\n\n\n\n<h2 class=\"wp-block-heading abstand-oben\">Weitere Veranstaltungen<\/h2>\n\n\n\n<h2 class=\"wp-block-heading abstand-oben\">Kontakt<\/h2>\n\n\n\n<p class=\"abstand-unten\">Stiftung WHM<br>Weissenb\u00fchlweg 8<br>3007 Bern<br>Tel. 031 371 84 04 (Mo, Di und Do)<br><a href=\"mailto:info@whm-fmf.ch\">E-Mail<\/a><\/p>\n\n\n\n<p><\/p>\n","protected":false},"excerpt":{"rendered":"<p>15 Jahre WHM Praxisassistenz Auf diesen Seiten finden Sie alle Informationen zur Mitfinanzierung ihrer Praxisassistenz. Kurse Melden Sie sich f\u00fcr die verschiedenen Kurse der Stiftung WHM an. Stellenb\u00f6rse Hier finden Sie die Stellenangebote in der Hausarztmedizin. Aktuelles Weitere Veranstaltungen Kontakt Stiftung WHMWeissenb\u00fchlweg 83007 BernTel. 031 371 84 04 (Mo, Di und Do)E-Mail<\/p>\n","protected":false},"author":1,"featured_media":0,"parent":0,"menu_order":23,"comment_status":"closed","ping_status":"closed","template":"page-front.php","meta":{"_acf_changed":false,"footnotes":""},"class_list":["post-65","page","type-page","status-publish","hentry"],"acf":[],"_links":{"self":[{"href":"https:\/\/whm-fmf.ch\/de\/wp-json\/wp\/v2\/pages\/65","targetHints":{"allow":["GET"]}}],"collection":[{"href":"https:\/\/whm-fmf.ch\/de\/wp-json\/wp\/v2\/pages"}],"about":[{"href":"https:\/\/whm-fmf.ch\/de\/wp-json\/wp\/v2\/types\/page"}],"author":[{"embeddable":true,"href":"https:\/\/whm-fmf.ch\/de\/wp-json\/wp\/v2\/users\/1"}],"replies":[{"embeddable":true,"href":"https:\/\/whm-fmf.ch\/de\/wp-json\/wp\/v2\/comments?post=65"}],"version-history":[{"count":73,"href":"https:\/\/whm-fmf.ch\/de\/wp-json\/wp\/v2\/pages\/65\/revisions"}],"predecessor-version":[{"id":1679,"href":"https:\/\/whm-fmf.ch\/de\/wp-json\/wp\/v2\/pages\/65\/revisions\/1679"}],"wp:attachment":[{"href":"https:\/\/whm-fmf.ch\/de\/wp-json\/wp\/v2\/media?parent=65"}],"curies":[{"name":"wp","href":"https:\/\/api.w.org\/{rel}","templated":true}]}}