{"id":397,"date":"2022-09-20T06:46:36","date_gmt":"2022-09-20T04:46:36","guid":{"rendered":"https:\/\/dev.whm-fmf.ch\/nos-services\/"},"modified":"2024-05-30T09:32:57","modified_gmt":"2024-05-30T07:32:57","slug":"nos-services","status":"publish","type":"page","link":"https:\/\/whm-fmf.ch\/fr\/","title":{"rendered":"Nos services"},"content":{"rendered":"<div class=\"n2-section-smartslider fitvidsignore  n2_clear\" data-ssid=\"4\" tabindex=\"0\" role=\"region\" aria-label=\"Slider\"><div id=\"n2-ss-4-align\" class=\"n2-ss-align\"><div class=\"n2-padding\"><div id=\"n2-ss-4\" data-creator=\"Smart Slider 3\" data-responsive=\"auto\" class=\"n2-ss-slider n2-ow n2-has-hover n2notransition  \">\n\n\n\n<div class=\"n2-ss-slider-wrapper-inside\">\n        <div class=\"n2-ss-slider-1 n2_ss__touch_element n2-ow\">\n            <div class=\"n2-ss-slider-2 n2-ow\">\n                                                <div class=\"n2-ss-slider-3 n2-ow\">\n\n                    <div class=\"n2-ss-slide-backgrounds n2-ow-all\"><div class=\"n2-ss-slide-background\" data-public-id=\"1\" data-mode=\"fill\"><div class=\"n2-ss-slide-background-image\" data-blur=\"0\" data-opacity=\"100\" data-x=\"50\" data-y=\"50\" data-alt=\"\" data-title=\"\"><picture class=\"skip-lazy\" data-skip-lazy=\"1\"><img decoding=\"async\" src=\"\/\/whm-fmf.ch\/wp-content\/uploads\/2023\/06\/Portrait-F-David.jpg\" alt=\"\" title=\"\" loading=\"lazy\" class=\"skip-lazy\" data-skip-lazy=\"1\"><\/picture><\/div><div data-color=\"RGBA(255,255,255,0)\" style=\"background-color: RGBA(255,255,255,0);\" class=\"n2-ss-slide-background-color\"><\/div><\/div><div class=\"n2-ss-slide-background\" data-public-id=\"2\" data-mode=\"fill\" aria-hidden=\"true\"><div class=\"n2-ss-slide-background-image\" data-blur=\"0\" data-opacity=\"100\" data-x=\"50\" data-y=\"50\" data-alt=\"\" data-title=\"\"><picture class=\"skip-lazy\" data-skip-lazy=\"1\"><img decoding=\"async\" src=\"\/\/whm-fmf.ch\/wp-content\/uploads\/2023\/06\/Portrait-F-Carla.jpg\" alt=\"\" title=\"\" loading=\"lazy\" class=\"skip-lazy\" data-skip-lazy=\"1\"><\/picture><\/div><div data-color=\"RGBA(255,255,255,0)\" style=\"background-color: RGBA(255,255,255,0);\" class=\"n2-ss-slide-background-color\"><\/div><\/div><div class=\"n2-ss-slide-background\" data-public-id=\"3\" data-mode=\"fill\" aria-hidden=\"true\"><div class=\"n2-ss-slide-background-image\" data-blur=\"0\" data-opacity=\"100\" data-x=\"50\" data-y=\"50\" data-alt=\"\" data-title=\"\"><picture class=\"skip-lazy\" data-skip-lazy=\"1\"><img decoding=\"async\" src=\"\/\/whm-fmf.ch\/wp-content\/uploads\/2023\/06\/Portrait-F-Philipp.jpg\" alt=\"\" title=\"\" loading=\"lazy\" class=\"skip-lazy\" data-skip-lazy=\"1\"><\/picture><\/div><div data-color=\"RGBA(255,255,255,0)\" style=\"background-color: RGBA(255,255,255,0);\" class=\"n2-ss-slide-background-color\"><\/div><\/div><div class=\"n2-ss-slide-background\" data-public-id=\"4\" data-mode=\"fill\" aria-hidden=\"true\"><div class=\"n2-ss-slide-background-image\" data-blur=\"0\" data-opacity=\"100\" data-x=\"50\" data-y=\"50\" data-alt=\"\" data-title=\"\"><picture class=\"skip-lazy\" data-skip-lazy=\"1\"><img decoding=\"async\" src=\"\/\/whm-fmf.ch\/wp-content\/uploads\/2023\/06\/Portrait-F-Tabea.jpg\" alt=\"\" title=\"\" loading=\"lazy\" class=\"skip-lazy\" data-skip-lazy=\"1\"><\/picture><\/div><div data-color=\"RGBA(255,255,255,0)\" style=\"background-color: RGBA(255,255,255,0);\" class=\"n2-ss-slide-background-color\"><\/div><\/div><div class=\"n2-ss-slide-background\" data-public-id=\"5\" data-mode=\"fill\" aria-hidden=\"true\"><div class=\"n2-ss-slide-background-image\" data-blur=\"0\" data-opacity=\"100\" data-x=\"50\" data-y=\"50\" data-alt=\"\" data-title=\"\"><picture class=\"skip-lazy\" data-skip-lazy=\"1\"><img decoding=\"async\" src=\"\/\/whm-fmf.ch\/wp-content\/uploads\/2023\/06\/Portrait-F-Justin.jpg\" alt=\"\" title=\"\" loading=\"lazy\" class=\"skip-lazy\" data-skip-lazy=\"1\"><\/picture><\/div><div data-color=\"RGBA(255,255,255,0)\" style=\"background-color: RGBA(255,255,255,0);\" class=\"n2-ss-slide-background-color\"><\/div><\/div><\/div>                    <div class=\"n2-ss-slider-4 n2-ow\">\n                        <svg xmlns=\"http:\/\/www.w3.org\/2000\/svg\" viewBox=\"0 0 1070 548\" data-related-device=\"desktopPortrait\" class=\"n2-ow n2-ss-preserve-size n2-ss-preserve-size--slider n2-ss-slide-limiter\"><\/svg><div data-first=\"1\" data-slide-duration=\"0\" data-id=\"30\" data-slide-public-id=\"1\" data-title=\"Portrait-F-David\" class=\"n2-ss-slide n2-ow  n2-ss-slide-30\"><div role=\"note\" class=\"n2-ss-slide--focus\" tabindex=\"-1\">Portrait-F-David<\/div><div class=\"n2-ss-layers-container n2-ss-slide-limiter n2-ow\"><div class=\"n2-ss-layer n2-ow n-uc-f31pa33RVVQA\" data-sstype=\"slide\" data-pm=\"default\"><\/div><\/div><\/div><div data-slide-duration=\"0\" data-id=\"31\" data-slide-public-id=\"2\" aria-hidden=\"true\" data-title=\"Portrait-F-Carla\" class=\"n2-ss-slide n2-ow  n2-ss-slide-31\"><div role=\"note\" class=\"n2-ss-slide--focus\" tabindex=\"-1\">Portrait-F-Carla<\/div><div class=\"n2-ss-layers-container n2-ss-slide-limiter n2-ow\"><div class=\"n2-ss-layer n2-ow n-uc-6uXP3UwCrS9z\" data-sstype=\"slide\" data-pm=\"default\"><\/div><\/div><\/div><div data-slide-duration=\"0\" data-id=\"28\" data-slide-public-id=\"3\" aria-hidden=\"true\" data-title=\"Portrait-F-Philipp\" class=\"n2-ss-slide n2-ow  n2-ss-slide-28\"><div role=\"note\" class=\"n2-ss-slide--focus\" tabindex=\"-1\">Portrait-F-Philipp<\/div><div class=\"n2-ss-layers-container n2-ss-slide-limiter n2-ow\"><div class=\"n2-ss-layer n2-ow n-uc-9Qu7h7JrXl0K\" data-sstype=\"slide\" data-pm=\"default\"><\/div><\/div><\/div><div data-slide-duration=\"0\" data-id=\"27\" data-slide-public-id=\"4\" aria-hidden=\"true\" data-title=\"Portrait-F-Tabea\" class=\"n2-ss-slide n2-ow  n2-ss-slide-27\"><div role=\"note\" class=\"n2-ss-slide--focus\" tabindex=\"-1\">Portrait-F-Tabea<\/div><div class=\"n2-ss-layers-container n2-ss-slide-limiter n2-ow\"><div class=\"n2-ss-layer n2-ow n-uc-G31GvDR5O6Qg\" data-sstype=\"slide\" data-pm=\"default\"><\/div><\/div><\/div><div data-slide-duration=\"0\" data-id=\"29\" data-slide-public-id=\"5\" aria-hidden=\"true\" data-title=\"Portrait-F-Justin\" class=\"n2-ss-slide n2-ow  n2-ss-slide-29\"><div role=\"note\" class=\"n2-ss-slide--focus\" tabindex=\"-1\">Portrait-F-Justin<\/div><div class=\"n2-ss-layers-container n2-ss-slide-limiter n2-ow\"><div class=\"n2-ss-layer n2-ow n-uc-9ElA0b0edLls\" data-sstype=\"slide\" data-pm=\"default\"><\/div><\/div><\/div>                    <\/div>\n\n                                    <\/div>\n            <\/div>\n        <\/div>\n        <div class=\"n2-ss-slider-controls n2-ss-slider-controls-absolute-center-bottom\"><div style=\"--widget-offset:5px;\" class=\"n2-ss-widget n2-ss-control-bullet n2-ow-all n2-ss-control-bullet-horizontal\"><div class=\" nextend-bullet-bar n2-bar-justify-content-center\" role=\"group\" aria-label=\"Choose slide to display.\"><div class=\"n2-bullet n2-style-37b83350d88fb82e7ea26e8ad7887167-dot \" style=\"visibility:hidden;\"><\/div><\/div><\/div><\/div><\/div><\/div><ss3-loader><\/ss3-loader><\/div><\/div><div class=\"n2_clear\"><\/div><\/div>\n\n\n<div class=\"wp-block-columns desktop-ausblenden abstand-oben is-layout-flex wp-container-core-columns-is-layout-9d6595d7 wp-block-columns-is-layout-flex\">\n<div class=\"wp-block-column is-layout-flow wp-block-column-is-layout-flow\">\n<figure class=\"wp-block-image size-full is-resized\"><img loading=\"lazy\" decoding=\"async\" width=\"415\" height=\"296\" src=\"https:\/\/dev.whm-fmf.ch\/wp-content\/uploads\/2022\/09\/logo-whm-EV3-10-1.png\" alt=\"\" class=\"wp-image-147\" style=\"width:104px;height:74px\" srcset=\"https:\/\/whm-fmf.ch\/wp-content\/uploads\/2022\/09\/logo-whm-EV3-10-1.png 415w, https:\/\/whm-fmf.ch\/wp-content\/uploads\/2022\/09\/logo-whm-EV3-10-1-300x214.png 300w\" sizes=\"auto, (max-width: 415px) 100vw, 415px\" \/><\/figure>\n\n\n\n<h2 class=\"wp-block-heading\"><a href=\"\/mitfinanzierung-praxisassistenz\/\" data-type=\"page\" data-id=\"44\">Assistanat au cabinet m\u00e9dical<\/a><\/h2>\n\n\n\n<p><a href=\"\/mitfinanzierung-praxisassistenz\/\" data-type=\"page\" data-id=\"44\">FR \u2013&gt; Auf diesen Seiten finden Sie alle Informationen zur Mitfinanzierung ihrer Praxisassistenz.<\/a><\/p>\n<\/div>\n\n\n\n<div class=\"wp-block-column is-layout-flow wp-block-column-is-layout-flow\">\n<figure class=\"wp-block-image size-full is-resized\"><img loading=\"lazy\" decoding=\"async\" width=\"415\" height=\"296\" src=\"https:\/\/dev.whm-fmf.ch\/wp-content\/uploads\/2022\/09\/logo-whm-EV3-11.png\" alt=\"\" class=\"wp-image-148\" style=\"width:104px;height:74px\" srcset=\"https:\/\/whm-fmf.ch\/wp-content\/uploads\/2022\/09\/logo-whm-EV3-11.png 415w, https:\/\/whm-fmf.ch\/wp-content\/uploads\/2022\/09\/logo-whm-EV3-11-300x214.png 300w\" sizes=\"auto, (max-width: 415px) 100vw, 415px\" \/><\/figure>\n\n\n\n<h2 class=\"wp-block-heading\"><a href=\"\/fr\/cours\/\" data-type=\"page\" data-id=\"48\">Cours<\/a><\/h2>\n\n\n\n<p><a href=\"\/fr\/cours\/\" data-type=\"page\" data-id=\"48\">FR \u2013&gt; Melden Sie sich f\u00fcr die verschiedenen Kurse der Stiftung WHM an.<\/a><\/p>\n<\/div>\n\n\n\n<div class=\"wp-block-column is-layout-flow wp-block-column-is-layout-flow\">\n<figure class=\"wp-block-image size-full is-resized\"><img loading=\"lazy\" decoding=\"async\" width=\"415\" height=\"296\" src=\"https:\/\/dev.whm-fmf.ch\/wp-content\/uploads\/2022\/09\/logo-whm-EV3-12.png\" alt=\"\" class=\"wp-image-150\" style=\"width:104px;height:74px\" srcset=\"https:\/\/whm-fmf.ch\/wp-content\/uploads\/2022\/09\/logo-whm-EV3-12.png 415w, https:\/\/whm-fmf.ch\/wp-content\/uploads\/2022\/09\/logo-whm-EV3-12-300x214.png 300w\" sizes=\"auto, (max-width: 415px) 100vw, 415px\" \/><\/figure>\n\n\n\n<h2 class=\"wp-block-heading\"><a href=\"\/fr\/stellenangebote\/\" data-type=\"page\" data-id=\"34\">Bourse d&#8217;emploi<\/a><\/h2>\n\n\n\n<p><a href=\"\/fr\/stellenangebote\/\" data-type=\"page\" data-id=\"34\">FR \u2013&gt; Hier finden Sie die Stellenangebote in der Hausarztmedizin.<\/a><\/p>\n<\/div>\n<\/div>\n\n\n\n<h1 class=\"wp-block-heading abstand-oben\">Actualit\u00e9<\/h1>\n\n\n\n<div class=\"wp-block-query is-layout-flow wp-block-query-is-layout-flow\"><ul class=\"wp-block-post-template is-layout-flow wp-block-post-template-is-layout-flow\"><li class=\"wp-block-post post-1803 post type-post status-publish format-standard hentry category-aktuell-fr category-unkategorisiert\">\n<div class=\"wp-block-post-date\"><time datetime=\"2026-03-09T10:37:15+02:00\">9 mars 2026<\/time><\/div>\n\n<h2 class=\"wp-block-post-title\"><a href=\"https:\/\/whm-fmf.ch\/fr\/corso-per-medici-formatori-universita-della-svizzera-italiana-lugano-campus-est-giovedi-22-ottobre-2026\/\" target=\"_self\" >Corso per medici formatori Universit\u00e0 della Svizzera italiana Lugano, Campus Est Gioved\u00ec, 22 ottobre 2026<\/a><\/h2>\n\n\n\n<div class=\"wp-block-post-excerpt\"><p class=\"wp-block-post-excerpt__excerpt\">Questo corso introduttivo \u00e8 un prerequisito per il riconoscimento della ISFM\/SIWF come formatore di pratica clinica e per il cofinanziamento da parte della Fondazione WHM o di uno dei programmi cantonali di Praxisassistenz. La Fondazione WHM, in collaborazione con l&rsquo;Istituto di medicina di famiglia (IMF), propone un corso introduttivo per medici formatori gioved\u00ec 22 ottobre\u2026 <\/p><\/div>\n\n\n<hr class=\"wp-block-separator has-css-opacity\"\/>\n\n<\/li><\/ul><\/div>\n\n\n\n<h2 class=\"wp-block-heading abstand-oben\">Autres manifestations<\/h2>\n\n\n\n<p><\/p>\n\n\n\n<p><\/p>\n\n\n\n<h2 class=\"wp-block-heading abstand-oben\">Contact<\/h2>\n\n\n\n<p class=\"abstand-unten\">Fondation FMF <br>Weissenb\u00fchlweg 8 <br>3007 Berne <br>T\u00e9l. 031 371 84 04 (lundi, mardi, jeudi) <br><a href=\"mailto:info@whm-fmf.ch\">E-Mail<\/a><\/p>\n","protected":false},"excerpt":{"rendered":"<p>Assistanat au cabinet m\u00e9dical FR \u2013&gt; Auf diesen Seiten finden Sie alle Informationen zur Mitfinanzierung ihrer Praxisassistenz. Cours FR \u2013&gt; Melden Sie sich f\u00fcr die verschiedenen Kurse der Stiftung WHM an. Bourse d&#8217;emploi FR \u2013&gt; Hier finden Sie die Stellenangebote in der Hausarztmedizin. Actualit\u00e9 Autres manifestations Contact Fondation FMF Weissenb\u00fchlweg 8 3007 Berne T\u00e9l. 031 [&hellip;]<\/p>\n","protected":false},"author":1,"featured_media":0,"parent":0,"menu_order":23,"comment_status":"closed","ping_status":"closed","template":"page-front.php","meta":{"_acf_changed":false,"footnotes":""},"class_list":["post-397","page","type-page","status-publish","hentry"],"acf":[],"_links":{"self":[{"href":"https:\/\/whm-fmf.ch\/fr\/wp-json\/wp\/v2\/pages\/397","targetHints":{"allow":["GET"]}}],"collection":[{"href":"https:\/\/whm-fmf.ch\/fr\/wp-json\/wp\/v2\/pages"}],"about":[{"href":"https:\/\/whm-fmf.ch\/fr\/wp-json\/wp\/v2\/types\/page"}],"author":[{"embeddable":true,"href":"https:\/\/whm-fmf.ch\/fr\/wp-json\/wp\/v2\/users\/1"}],"replies":[{"embeddable":true,"href":"https:\/\/whm-fmf.ch\/fr\/wp-json\/wp\/v2\/comments?post=397"}],"version-history":[{"count":13,"href":"https:\/\/whm-fmf.ch\/fr\/wp-json\/wp\/v2\/pages\/397\/revisions"}],"predecessor-version":[{"id":1152,"href":"https:\/\/whm-fmf.ch\/fr\/wp-json\/wp\/v2\/pages\/397\/revisions\/1152"}],"wp:attachment":[{"href":"https:\/\/whm-fmf.ch\/fr\/wp-json\/wp\/v2\/media?parent=397"}],"curies":[{"name":"wp","href":"https:\/\/api.w.org\/{rel}","templated":true}]}}