{"id":408,"date":"2022-09-20T06:43:13","date_gmt":"2022-09-20T04:43:13","guid":{"rendered":"https:\/\/dev.whm-fmf.ch\/?page_id=408"},"modified":"2026-01-08T12:21:39","modified_gmt":"2026-01-08T10:21:39","slug":"conseil-de-fondation","status":"publish","type":"page","link":"https:\/\/whm-fmf.ch\/fr\/fondation-fmf\/conseil-de-fondation\/","title":{"rendered":"Conseil de fondation"},"content":{"rendered":"\n<p>Le conseil de fondation est constitu\u00e9 des sept membres suivants:<br><br><strong><strong>Dr m\u00e9d. Regula Capaul<\/strong> <\/strong><a href=\"https:\/\/www.sgaim.ch\/fr\/page-daccueil\" target=\"_blank\" rel=\"noreferrer noopener\">(SSMIG)<\/a><br>Pr\u00e9sidente<br><a href=\"mailto:haeuptle@hin.ch\"><\/a><a href=\"mailto:regula.capaul@hin.ch\">E-Mail<\/a><br><br><strong>Dr m\u00e9d. Carlos Quinto<\/strong> <a href=\"https:\/\/www.fmh.ch\/fr\/index.cfm\" target=\"_blank\" rel=\"noreferrer noopener\">(FMH)<\/a><br>Vice-pr\u00e9sident<br><a href=\"mailto:regula.capaul@hin.ch\"><\/a><a href=\"mailto:carlos.quinto@fmh.ch\">E-Mai<\/a><br><br><strong>Dr m\u00e9d. Andreas Geiser <\/strong><a href=\"https:\/\/www.paediatrieschweiz.ch\/fr\/\" target=\"_blank\" rel=\"noreferrer noopener\">(SSP)<\/a><br><a href=\"mailto:praxis.ageiser@hin.ch\">E-Mail<\/a><br><br><strong>Dr. m<strong>\u00e9<\/strong>d. S\u00e9bastien Martin<\/strong> <a href=\"https:\/\/khm-cmpr.ch\/fr\/accueil\/\" data-type=\"link\" data-id=\"https:\/\/khm-cmpr.ch\/\">(CMPR)<\/a><br><a href=\"mailto:Sebastien.Martin@unisante.ch\">E-Mail<\/a><\/p>\n\n\n\n<p><strong>Dr. med. Hannes Bangerter<\/strong> <a href=\"https:\/\/vsao.ch\/fr\/\" target=\"_blank\" rel=\"noreferrer noopener\">(asmac)<\/a><br><a href=\"mailto:hannes.bangerter@outlook.com\">E-Mail<\/a><br><br><strong>Dr. m<strong>\u00e9<\/strong>d. Raphael Stolz<\/strong> <a href=\"https:\/\/www.siwf.ch\/fr\/index.cfm\" target=\"_blank\" rel=\"noreferrer noopener\">(ISFM)<\/a><br><a href=\"mailto:raphael.stolz@hin.ch\">E-Mail<\/a><\/p>\n\n\n\n<p><strong>Prof. Dr. m<strong>\u00e9<\/strong>d. Pierre-Yves Rodondi <\/strong><a href=\"http:\/\/www.sgaim.ch\/de\/home.html\" target=\"_blank\" rel=\"noreferrer noopener\"><a href=\"https:\/\/www.sgaim.ch\/fr\/page-daccueil\" target=\"_blank\" rel=\"noreferrer noopener\">(SSMIG)<\/a><\/a><br><a href=\"mailto:pierre-yves.rodondi@hin.ch\">E-Mail<\/a><\/p>\n\n\n\n<h3 class=\"wp-block-heading\"><strong>Autres membres du conseil de fondation<\/strong><\/h3>\n\n\n\n<p><strong>Dr. med. Monika Reber<\/strong> <a href=\"https:\/\/www.hausaerzteschweiz.ch\/\" target=\"_blank\" rel=\"noreferrer noopener\">(mfe)<\/a><br><a href=\"mailto:m.reber@zapp.ch\">E-Mail<\/a><\/p>\n\n\n\n<p><strong>Dr. med. Helena Gerritsma Schirlo<\/strong> <a href=\"https:\/\/www.kinderaerzteschweiz.ch\/Home\/Willkommen-News\" target=\"_blank\" rel=\"noreferrer noopener\">(KIS)<\/a><br><a href=\"mailto:helena.gerritsma@hin.ch\">E-Mail<\/a><\/p>\n","protected":false},"excerpt":{"rendered":"<p>Le conseil de fondation est constitu\u00e9 des sept membres suivants: Dr m\u00e9d. Regula Capaul (SSMIG)Pr\u00e9sidenteE-Mail Dr m\u00e9d. Carlos Quinto (FMH)Vice-pr\u00e9sidentE-Mai Dr m\u00e9d. Andreas Geiser (SSP)E-Mail Dr. m\u00e9d. S\u00e9bastien Martin (CMPR)E-Mail Dr. med. Hannes Bangerter (asmac)E-Mail Dr. m\u00e9d. Raphael Stolz (ISFM)E-Mail Prof. Dr. m\u00e9d. Pierre-Yves Rodondi (SSMIG)E-Mail Autres membres du conseil de fondation Dr. med. Monika [&hellip;]<\/p>\n","protected":false},"author":1,"featured_media":0,"parent":419,"menu_order":0,"comment_status":"closed","ping_status":"closed","template":"","meta":{"_acf_changed":false,"footnotes":""},"class_list":["post-408","page","type-page","status-publish","hentry"],"acf":[],"_links":{"self":[{"href":"https:\/\/whm-fmf.ch\/fr\/wp-json\/wp\/v2\/pages\/408","targetHints":{"allow":["GET"]}}],"collection":[{"href":"https:\/\/whm-fmf.ch\/fr\/wp-json\/wp\/v2\/pages"}],"about":[{"href":"https:\/\/whm-fmf.ch\/fr\/wp-json\/wp\/v2\/types\/page"}],"author":[{"embeddable":true,"href":"https:\/\/whm-fmf.ch\/fr\/wp-json\/wp\/v2\/users\/1"}],"replies":[{"embeddable":true,"href":"https:\/\/whm-fmf.ch\/fr\/wp-json\/wp\/v2\/comments?post=408"}],"version-history":[{"count":5,"href":"https:\/\/whm-fmf.ch\/fr\/wp-json\/wp\/v2\/pages\/408\/revisions"}],"predecessor-version":[{"id":1754,"href":"https:\/\/whm-fmf.ch\/fr\/wp-json\/wp\/v2\/pages\/408\/revisions\/1754"}],"up":[{"embeddable":true,"href":"https:\/\/whm-fmf.ch\/fr\/wp-json\/wp\/v2\/pages\/419"}],"wp:attachment":[{"href":"https:\/\/whm-fmf.ch\/fr\/wp-json\/wp\/v2\/media?parent=408"}],"curies":[{"name":"wp","href":"https:\/\/api.w.org\/{rel}","templated":true}]}}