{"id":410,"date":"2022-09-21T09:10:47","date_gmt":"2022-09-21T07:10:47","guid":{"rendered":"https:\/\/dev.whm-fmf.ch\/?page_id=410"},"modified":"2023-11-23T15:29:42","modified_gmt":"2023-11-23T13:29:42","slug":"contact","status":"publish","type":"page","link":"https:\/\/whm-fmf.ch\/fr\/contact\/","title":{"rendered":"Contact"},"content":{"rendered":"\n<p><strong>Programme d&rsquo;assistanat au cabinet<\/strong><br>Fondation FMF<br>Weissenb\u00fchlweg 8<br>3007 Berne<br>T\u00e9l. 031 371 84 04 (lundi, mardi et jeudi)<br><a href=\"mailto:info@whm-fmf.ch\">E-Mail<\/a><\/p>\n\n\n\n<h2 class=\"wp-block-heading\">Dons<\/h2>\n\n\n\n<p>Pour financer les co\u00fbts de la plate-forme de l\u2019emploi et soutenir d\u2019autres projets et mesures, nous avons besoin de vos dons. Nous vous remercions de votre pr\u00e9cieux soutien.<\/p>\n\n\n\n<h3 class=\"wp-block-heading\">Notre compte pour les dons<\/h3>\n\n\n\n<p>Banque cantonale bernoise BEKB\/BCBE, 3001 Berne<br><strong>IBAN: CH30 0079 0016 2717 2409 1<\/strong><br>N\u00b0 de compte: 16 271.724.0.91<br>N\u00b0 de clearing: 790<\/p>\n","protected":false},"excerpt":{"rendered":"<p>Programme d&rsquo;assistanat au cabinetFondation FMFWeissenb\u00fchlweg 83007 BerneT\u00e9l. 031 371 84 04 (lundi, mardi et jeudi)E-Mail Dons Pour financer les co\u00fbts de la plate-forme de l\u2019emploi et soutenir d\u2019autres projets et mesures, nous avons besoin de vos dons. Nous vous remercions de votre pr\u00e9cieux soutien. Notre compte pour les dons Banque cantonale bernoise BEKB\/BCBE, 3001 BerneIBAN: [&hellip;]<\/p>\n","protected":false},"author":1,"featured_media":0,"parent":0,"menu_order":13,"comment_status":"closed","ping_status":"closed","template":"","meta":{"_acf_changed":false,"footnotes":""},"class_list":["post-410","page","type-page","status-publish","hentry"],"acf":[],"_links":{"self":[{"href":"https:\/\/whm-fmf.ch\/fr\/wp-json\/wp\/v2\/pages\/410","targetHints":{"allow":["GET"]}}],"collection":[{"href":"https:\/\/whm-fmf.ch\/fr\/wp-json\/wp\/v2\/pages"}],"about":[{"href":"https:\/\/whm-fmf.ch\/fr\/wp-json\/wp\/v2\/types\/page"}],"author":[{"embeddable":true,"href":"https:\/\/whm-fmf.ch\/fr\/wp-json\/wp\/v2\/users\/1"}],"replies":[{"embeddable":true,"href":"https:\/\/whm-fmf.ch\/fr\/wp-json\/wp\/v2\/comments?post=410"}],"version-history":[{"count":3,"href":"https:\/\/whm-fmf.ch\/fr\/wp-json\/wp\/v2\/pages\/410\/revisions"}],"predecessor-version":[{"id":906,"href":"https:\/\/whm-fmf.ch\/fr\/wp-json\/wp\/v2\/pages\/410\/revisions\/906"}],"wp:attachment":[{"href":"https:\/\/whm-fmf.ch\/fr\/wp-json\/wp\/v2\/media?parent=410"}],"curies":[{"name":"wp","href":"https:\/\/api.w.org\/{rel}","templated":true}]}}