{"id":412,"date":"2022-09-20T06:26:30","date_gmt":"2022-09-20T04:26:30","guid":{"rendered":"https:\/\/dev.whm-fmf.ch\/?page_id=412"},"modified":"2025-03-04T15:55:52","modified_gmt":"2025-03-04T13:55:52","slug":"cours","status":"publish","type":"page","link":"https:\/\/whm-fmf.ch\/fr\/cours\/","title":{"rendered":"Cours"},"content":{"rendered":"\n<div class=\"wp-block-query is-layout-flow wp-block-query-is-layout-flow\"><ul class=\"wp-block-post-template is-layout-flow wp-block-post-template-is-layout-flow\"><li class=\"wp-block-post post-1386 post type-post status-publish format-standard hentry category-kurse-assistenzaerztinnen-fr\">\n<h2 class=\"wp-block-post-title\"><a href=\"https:\/\/whm-fmf.ch\/fr\/cours-pour-medecins-assistantes-blog\/\" target=\"_self\" >mfe: S\u00e9minaire \u00ab Installation en cabinet m\u00e9dical\u00bb 2026<\/a><\/h2>\n\n\n\n<div class=\"wp-block-post-excerpt\"><p class=\"wp-block-post-excerpt__excerpt\">18 avril 2026, Montreux <a class=\"wp-block-post-excerpt__more-link\" href=\"https:\/\/whm-fmf.ch\/fr\/cours-pour-medecins-assistantes-blog\/\">Hier zum ganzen Beitrag<\/a><\/p><\/div>\n\n\n<hr class=\"wp-block-separator has-css-opacity\"\/>\n\n\n<div class=\"wp-block-post-date\"><time datetime=\"2025-03-04T15:26:41+02:00\">4 mars 2025<\/time><\/div>\n<\/li><li class=\"wp-block-post post-492 post type-post status-publish format-standard has-post-thumbnail hentry category-aktuell category-kurse-lehrpraktikerinnen-fr\">\n<h2 class=\"wp-block-post-title\"><a href=\"https:\/\/whm-fmf.ch\/fr\/einfuehrungskurs-fuer-lehrpraktikerinnen\/\" target=\"_self\" >Cours d\u2019introduction pour les ma\u00eetres de stage<\/a><\/h2>\n\n<figure class=\"alignwide wp-block-post-featured-image\"><a href=\"https:\/\/whm-fmf.ch\/fr\/einfuehrungskurs-fuer-lehrpraktikerinnen\/\" target=\"_self\"  ><img loading=\"lazy\" decoding=\"async\" width=\"1000\" height=\"667\" src=\"https:\/\/whm-fmf.ch\/wp-content\/uploads\/2023\/03\/22147_0484_sRGB_1000px.jpg\" class=\"attachment-post-thumbnail size-post-thumbnail wp-post-image\" alt=\"Cours d\u2019introduction pour les ma\u00eetres de stage\" style=\"object-fit:cover;\" srcset=\"https:\/\/whm-fmf.ch\/wp-content\/uploads\/2023\/03\/22147_0484_sRGB_1000px.jpg 1000w, https:\/\/whm-fmf.ch\/wp-content\/uploads\/2023\/03\/22147_0484_sRGB_1000px-300x200.jpg 300w, https:\/\/whm-fmf.ch\/wp-content\/uploads\/2023\/03\/22147_0484_sRGB_1000px-768x512.jpg 768w\" sizes=\"auto, (max-width: 1000px) 100vw, 1000px\" \/><\/a><\/figure>\n\n<div class=\"wp-block-post-excerpt\"><p class=\"wp-block-post-excerpt__excerpt\">Organisation Fondation FMF Direction des cours en Suisse al\u00e9manique Daniel Ackermann, Cornelia Biner, Sara Bosshard, Benjamin Dinkel, Hannah Gr\u00e4ber, Sepp Holtz, Daniel Matter, Stephan Steiner und R\u00e9ka Veress-Daugaard Direction des cours en Suisse romande S\u00e9bastien Martin, Alexandre Ronga et Martine Bideau Direction du cours Tessin Marilu Guigli Poretti et Sandro Bonetti Public cible&nbsp; &nbsp; Sp\u00e9cialistes <a class=\"wp-block-post-excerpt__more-link\" href=\"https:\/\/whm-fmf.ch\/fr\/einfuehrungskurs-fuer-lehrpraktikerinnen\/\">Hier zum ganzen Beitrag<\/a><\/p><\/div>\n\n\n<hr class=\"wp-block-separator has-css-opacity\"\/>\n\n\n<div class=\"wp-block-post-date\"><time datetime=\"2023-03-07T14:09:00+02:00\">7 mars 2023<\/time><\/div>\n<\/li><\/ul><\/div>\n\n\n\n<h3 class=\"wp-block-heading\"><a href=\"\/kurse-fuer-assistenzaerztinnen\/\">Cours de gestion du cabinet pour assistants<\/a> (en allemand)<\/h3>\n","protected":false},"excerpt":{"rendered":"<p>Cours de gestion du cabinet pour assistants (en allemand)<\/p>\n","protected":false},"author":1,"featured_media":0,"parent":0,"menu_order":15,"comment_status":"closed","ping_status":"closed","template":"","meta":{"_acf_changed":false,"footnotes":""},"class_list":["post-412","page","type-page","status-publish","hentry"],"acf":[],"_links":{"self":[{"href":"https:\/\/whm-fmf.ch\/fr\/wp-json\/wp\/v2\/pages\/412","targetHints":{"allow":["GET"]}}],"collection":[{"href":"https:\/\/whm-fmf.ch\/fr\/wp-json\/wp\/v2\/pages"}],"about":[{"href":"https:\/\/whm-fmf.ch\/fr\/wp-json\/wp\/v2\/types\/page"}],"author":[{"embeddable":true,"href":"https:\/\/whm-fmf.ch\/fr\/wp-json\/wp\/v2\/users\/1"}],"replies":[{"embeddable":true,"href":"https:\/\/whm-fmf.ch\/fr\/wp-json\/wp\/v2\/comments?post=412"}],"version-history":[{"count":9,"href":"https:\/\/whm-fmf.ch\/fr\/wp-json\/wp\/v2\/pages\/412\/revisions"}],"predecessor-version":[{"id":1418,"href":"https:\/\/whm-fmf.ch\/fr\/wp-json\/wp\/v2\/pages\/412\/revisions\/1418"}],"wp:attachment":[{"href":"https:\/\/whm-fmf.ch\/fr\/wp-json\/wp\/v2\/media?parent=412"}],"curies":[{"name":"wp","href":"https:\/\/api.w.org\/{rel}","templated":true}]}}