{"id":414,"date":"2022-09-20T06:25:32","date_gmt":"2022-09-20T04:25:32","guid":{"rendered":"https:\/\/dev.whm-fmf.ch\/?page_id=414"},"modified":"2025-01-28T16:10:41","modified_gmt":"2025-01-28T14:10:41","slug":"assistanat-au-cabinet-medical","status":"publish","type":"page","link":"https:\/\/whm-fmf.ch\/fr\/assistanat-au-cabinet-medical\/","title":{"rendered":"Assistanat au cabinet m\u00e9dical en m\u00e9decine de famille"},"content":{"rendered":"\n<p>Le programme \u00abFormation postgradu\u00e9e au sein de cabinets de m\u00e9decine de famille (assistanat au cabinet m\u00e9dical)\u00bb a pour mission d\u2019aider les jeunes m\u00e9decins \u00e0 se familiariser avec la m\u00e9decine de famille et avec l\u2019environnement de travail d\u2019un cabinet de m\u00e9decine de famille, et \u00e0 comprendre ce que signifie d\u2019exercer la profession de m\u00e9decin de famille ou p\u00e9diatre.<\/p>\n\n\n\n<p>Le programme d\u2019assistanat au cabinet m\u00e9dical est financ\u00e9 depuis ses d\u00e9buts par des dons provenant exclusivement du corps m\u00e9dical.<\/p>\n\n\n\n<p>Le cofinancement de la Fondation FMF est subsidiaire aux programmes cantonaux d\u2019assistanat au cabinet m\u00e9dical. Si un cofinancement par le canton est possible, la demande doit \u00eatre soumise en m\u00eame temps au canton et \u00e0 la Fondation FMF.<\/p>\n\n\n\n<p>La fondation FMF prend en charge un financement de 3&rsquo;690 CHF maximum par mois de salaire brut et de cotisations patronales pour un emploi \u00e0 100%. En cas de travail \u00e0 temps partiel, le montant est r\u00e9duit en fonction du taux d&rsquo;occupation. Les co\u00fbts restants sont \u00e0 la charge des ma\u00eetres de stage.<\/p>\n\n\n\n<p>D\u2019apr\u00e8s la R\u00e9glementation pour la formation postgradu\u00e9e (art. 34 RFP), l\u2019assistanat au cabinet m\u00e9dical est valid\u00e9 comme suit:<\/p>\n\n\n\n<p><strong>Assistanat au cabinet m\u00e9dical en m\u00e9decine interne g\u00e9n\u00e9rale <\/strong><strong><\/strong><\/p>\n\n\n\n<p>D\u2019une dur\u00e9e de trois ans, la formation postgradu\u00e9e de base doit comprendre au moins deux ans de formation en m\u00e9decine interne g\u00e9n\u00e9rale hospitali\u00e8re et au moins 6 mois de m\u00e9decine interne g\u00e9n\u00e9rale ambulatoire, de pr\u00e9f\u00e9rence sous forme d\u2019assistanat au cabinet m\u00e9dical. La formation postgradu\u00e9e de base est compl\u00e9t\u00e9e par une formation secondaire de deux ans dont la composition peut \u00eatre choisie librement. Peuvent \u00eatre valid\u00e9es les p\u00e9riodes de formation suivantes: jusqu\u2019\u00e0 2 ans de m\u00e9decine interne g\u00e9n\u00e9rale hospitali\u00e8re et ambulatoire. En principe, il est possible de faire un total de 3 ans d\u2019assistanat au cabinet m\u00e9dical dans trois cabinets diff\u00e9rents.<\/p>\n\n\n\n<p><strong>Assistanat au cabinet m\u00e9dical en p\u00e9diatrie <\/strong><strong><\/strong><\/p>\n\n\n\n<p>Au cours de la formation postgradu\u00e9e de base, il est possible d\u2019accomplir jusqu\u2019\u00e0 un an de formation postgradu\u00e9e dans des cabinets m\u00e9dicaux reconnus en p\u00e9diatrie. Dans le cadre de la formation postgradu\u00e9e secondaire du curriculum en p\u00e9diatrie au cabinet m\u00e9dical, au moins une ann\u00e9e doit \u00eatre accomplie dans des \u00e9tablissements reconnus pour la p\u00e9diatrie en cabinet m\u00e9dical, y compris cabinets m\u00e9dicaux p\u00e9diatriques reconnus. L\u2019assistanat au cabinet m\u00e9dical, y compris un assistanat au cabinet m\u00e9dical d\u00e9j\u00e0 effectu\u00e9 pendant la formation postgradu\u00e9e de base, peut \u00eatre valid\u00e9 jusqu\u2019\u00e0 concurrence de 2 ans, dont 1 an au maximum dans le m\u00eame cabinet m\u00e9dical.&nbsp;<\/p>\n","protected":false},"excerpt":{"rendered":"<p>Le programme \u00abFormation postgradu\u00e9e au sein de cabinets de m\u00e9decine de famille (assistanat au cabinet m\u00e9dical)\u00bb a pour mission d\u2019aider les jeunes m\u00e9decins \u00e0 se familiariser avec la m\u00e9decine de famille et avec l\u2019environnement de travail d\u2019un cabinet de m\u00e9decine de famille, et \u00e0 comprendre ce que signifie d\u2019exercer la profession de m\u00e9decin de famille [&hellip;]<\/p>\n","protected":false},"author":1,"featured_media":0,"parent":0,"menu_order":17,"comment_status":"closed","ping_status":"closed","template":"","meta":{"_acf_changed":false,"footnotes":""},"class_list":["post-414","page","type-page","status-publish","hentry"],"acf":[],"_links":{"self":[{"href":"https:\/\/whm-fmf.ch\/fr\/wp-json\/wp\/v2\/pages\/414","targetHints":{"allow":["GET"]}}],"collection":[{"href":"https:\/\/whm-fmf.ch\/fr\/wp-json\/wp\/v2\/pages"}],"about":[{"href":"https:\/\/whm-fmf.ch\/fr\/wp-json\/wp\/v2\/types\/page"}],"author":[{"embeddable":true,"href":"https:\/\/whm-fmf.ch\/fr\/wp-json\/wp\/v2\/users\/1"}],"replies":[{"embeddable":true,"href":"https:\/\/whm-fmf.ch\/fr\/wp-json\/wp\/v2\/comments?post=414"}],"version-history":[{"count":5,"href":"https:\/\/whm-fmf.ch\/fr\/wp-json\/wp\/v2\/pages\/414\/revisions"}],"predecessor-version":[{"id":1333,"href":"https:\/\/whm-fmf.ch\/fr\/wp-json\/wp\/v2\/pages\/414\/revisions\/1333"}],"wp:attachment":[{"href":"https:\/\/whm-fmf.ch\/fr\/wp-json\/wp\/v2\/media?parent=414"}],"curies":[{"name":"wp","href":"https:\/\/api.w.org\/{rel}","templated":true}]}}