{"id":418,"date":"2022-09-08T14:43:45","date_gmt":"2022-09-08T12:43:45","guid":{"rendered":"https:\/\/dev.whm-fmf.ch\/stellenangebote\/"},"modified":"2023-11-23T15:29:42","modified_gmt":"2023-11-23T13:29:42","slug":"stellenangebote","status":"publish","type":"page","link":"https:\/\/whm-fmf.ch\/fr\/stellenangebote\/","title":{"rendered":"Bourse d&#8217;emploi"},"content":{"rendered":"\n<p>Pour que les m\u00e9decins-assistants et les ma\u00eetres de stage puissent mieux se retrouver sur une bourse d\u2019emplois centralis\u00e9e, nous attirons leur attention sur notre bourse d&#8217;emploi.<\/p>\n\n\n\n<h2 class=\"wp-block-heading\"><a href=\"https:\/\/praxis-assistenz.ch\" target=\"_blank\" rel=\"noreferrer noopener\">www.praxis-assistenz.ch<\/a><\/h2>\n\n\n\n<p><br><strong>Assistanats au cabinet &amp; Places de rotations<\/strong><\/p>\n\n\n\n<p><strong>Pour les candidats:<\/strong> En tant que m\u00e9decin assistant, vous pouvez joindre le formateur (cabinet ou h\u00f4pital) en un seul clic. Envoyez votre candidature directement au formateur concern\u00e9 ! (La Fondation FMF ne transmettra pas votre candidature).<\/p>\n\n\n\n<p><strong>Pour les formateurs:<\/strong> Vous pouvez cr\u00e9er une offre d&#8217;emploi en quelques clics. Si un candidat vous contacte, la communication est ind\u00e9pendante de la plateforme.<\/p>\n\n\n\n<p><\/p>\n","protected":false},"excerpt":{"rendered":"<p>Pour que les m\u00e9decins-assistants et les ma\u00eetres de stage puissent mieux se retrouver sur une bourse d\u2019emplois centralis\u00e9e, nous attirons leur attention sur notre bourse d&#8217;emploi. www.praxis-assistenz.ch Assistanats au cabinet &amp; Places de rotations Pour les candidats: En tant que m\u00e9decin assistant, vous pouvez joindre le formateur (cabinet ou h\u00f4pital) en un seul clic. Envoyez [&hellip;]<\/p>\n","protected":false},"author":1,"featured_media":0,"parent":0,"menu_order":19,"comment_status":"closed","ping_status":"closed","template":"","meta":{"_acf_changed":false,"footnotes":""},"class_list":["post-418","page","type-page","status-publish","hentry"],"acf":[],"_links":{"self":[{"href":"https:\/\/whm-fmf.ch\/fr\/wp-json\/wp\/v2\/pages\/418","targetHints":{"allow":["GET"]}}],"collection":[{"href":"https:\/\/whm-fmf.ch\/fr\/wp-json\/wp\/v2\/pages"}],"about":[{"href":"https:\/\/whm-fmf.ch\/fr\/wp-json\/wp\/v2\/types\/page"}],"author":[{"embeddable":true,"href":"https:\/\/whm-fmf.ch\/fr\/wp-json\/wp\/v2\/users\/1"}],"replies":[{"embeddable":true,"href":"https:\/\/whm-fmf.ch\/fr\/wp-json\/wp\/v2\/comments?post=418"}],"version-history":[{"count":3,"href":"https:\/\/whm-fmf.ch\/fr\/wp-json\/wp\/v2\/pages\/418\/revisions"}],"predecessor-version":[{"id":813,"href":"https:\/\/whm-fmf.ch\/fr\/wp-json\/wp\/v2\/pages\/418\/revisions\/813"}],"wp:attachment":[{"href":"https:\/\/whm-fmf.ch\/fr\/wp-json\/wp\/v2\/media?parent=418"}],"curies":[{"name":"wp","href":"https:\/\/api.w.org\/{rel}","templated":true}]}}