{"id":419,"date":"2022-09-20T06:27:13","date_gmt":"2022-09-20T04:27:13","guid":{"rendered":"https:\/\/dev.whm-fmf.ch\/stiftung-whm\/"},"modified":"2023-11-23T15:29:42","modified_gmt":"2023-11-23T13:29:42","slug":"fondation-fmf","status":"publish","type":"page","link":"https:\/\/whm-fmf.ch\/fr\/fondation-fmf\/","title":{"rendered":"Fondation FMF"},"content":{"rendered":"\n<p>La Fondation pour la Promotion de la Formation en M\u00e9decine de Famille (FMF) a \u00e9t\u00e9 fond\u00e9e le 13 novembre 2008 \u00e0 Berne par les cinq organisations fondatrices. Le <a href=\"\/fr\/fondation-fmf\/direction\/\" data-type=\"page\" data-id=\"458\">secr\u00e9tariat<\/a> se trouve au Weissenb\u00fchlweg 8, 3007 Berne.<\/p>\n\n\n\n<p>La Fondation FMF soutient et d\u00e9veloppe des projets et des mesures encourageant durablement la formation postgradu\u00e9e et la qualit\u00e9 de la prise en charge m\u00e9dicale dans les cabinets de m\u00e9decine de famille et de p\u00e9diatrie et am\u00e9liorant les comp\u00e9tences des futurs m\u00e9decins de famille et p\u00e9diatres.<\/p>\n\n\n\n<p>Depuis 2009, la Fondation FMF est responsable du <a href=\"\/fr\/assistanat-au-cabinet-medical\/\" data-type=\"page\" data-id=\"414\">programme d\u2019assistanat au cabinet m\u00e9dical<\/a>, subventionne les salaires des m\u00e9decins-assistant-e-s en cabinet et organise des <a href=\"\/fr\/einfuehrungskurs-fuer-lehrpraktikerinnen\/\" data-type=\"post\" data-id=\"492\">cours d\u2019introduction pour ma\u00eetres de stage<\/a> ainsi que des <a href=\"\/de\/einfuehrungskurs-fuer-lehrpraktikerinnen\/\">cours de gestion du cabinet pour les m\u00e9decins-assistant-e-s<\/a>. La Fondation FMF ne s\u2019implique pas seulement dans la gestion de son propre programme d\u2019assistanat au cabinet m\u00e9dical, mais propose \u00e9galement ses services dans le domaine administratif aux diff\u00e9rents <a href=\"\/fr\/programmes-cantonaux\/\" data-type=\"page\" data-id=\"417\">programmes cantonaux<\/a>.<\/p>\n\n\n\n<p><\/p>\n\n\n\n<h2 class=\"wp-block-heading\">Organisations fondatrices<\/h2>\n\n\n\n<p>Le conseil de fondation est compos\u00e9 des organisations fondatrices suivantes<\/p>\n\n\n\n<ul class=\"wp-block-list\">\n<li><a href=\"https:\/\/www.sgaim.ch\/fr\/page-daccueil\" target=\"_blank\" rel=\"noreferrer noopener\">SSMIG (Soci\u00e9t\u00e9 Suisse de M\u00e9decine Interne G\u00e9n\u00e9rale \u2013 autrefois SSMG et SSMI)<\/a><\/li>\n\n\n\n<li><a href=\"https:\/\/www.paediatrieschweiz.ch\/fr\/\" target=\"_blank\" rel=\"noreferrer noopener\">SSP (Soci\u00e9t\u00e9 Suisse de P\u00e9diatrie)<\/a><\/li>\n\n\n\n<li><a href=\"https:\/\/khm-cmpr.ch\/fr\/accueil\/\" target=\"_blank\" rel=\"noreferrer noopener\">Coll\u00e8ge de m\u00e9decine de premier recours (CMPR)<\/a><\/li>\n\n\n\n<li><a href=\"https:\/\/www.fmh.ch\/fr\/index.cfm\" target=\"_blank\" rel=\"noreferrer noopener\">F\u00e9d\u00e9ration des m\u00e9decins suisses (FMH)<\/a><\/li>\n\n\n\n<li><a href=\"https:\/\/vsao.ch\/fr\/\" target=\"_blank\" rel=\"noreferrer noopener\">Association suisse des m\u00e9decins-assistant(e)s et chef(fe)s de clinique (asmac)<\/a><\/li>\n<\/ul>\n\n\n\n<p><br>Organisations partenaires<\/p>\n\n\n\n<ul class=\"wp-block-list\">\n<li><a href=\"https:\/\/www.medecinsdefamille.ch\/\" target=\"_blank\" rel=\"noreferrer noopener\">Association des m\u00e9decins de famille et de l\u2019enfance Suisse (mfe)<\/a><\/li>\n\n\n\n<li><a href=\"https:\/\/www.jhas.ch\/fr\/page-daccueil\" target=\"_blank\" rel=\"noreferrer noopener\">Association des Jeunes m\u00e9decins de famille suisses (JHaS)<\/a><\/li>\n\n\n\n<li><a href=\"https:\/\/www.siwf.ch\/fr\/index.cfm\" target=\"_blank\" rel=\"noreferrer noopener\">Institut suisse pour la formation m\u00e9dicale postgradu\u00e9e et continue (ISFM)<\/a><\/li>\n<\/ul>\n","protected":false},"excerpt":{"rendered":"<p>La Fondation pour la Promotion de la Formation en M\u00e9decine de Famille (FMF) a \u00e9t\u00e9 fond\u00e9e le 13 novembre 2008 \u00e0 Berne par les cinq organisations fondatrices. Le secr\u00e9tariat se trouve au Weissenb\u00fchlweg 8, 3007 Berne. La Fondation FMF soutient et d\u00e9veloppe des projets et des mesures encourageant durablement la formation postgradu\u00e9e et la qualit\u00e9 [&hellip;]<\/p>\n","protected":false},"author":1,"featured_media":0,"parent":0,"menu_order":21,"comment_status":"closed","ping_status":"closed","template":"","meta":{"_acf_changed":false,"footnotes":""},"class_list":["post-419","page","type-page","status-publish","hentry"],"acf":[],"_links":{"self":[{"href":"https:\/\/whm-fmf.ch\/fr\/wp-json\/wp\/v2\/pages\/419","targetHints":{"allow":["GET"]}}],"collection":[{"href":"https:\/\/whm-fmf.ch\/fr\/wp-json\/wp\/v2\/pages"}],"about":[{"href":"https:\/\/whm-fmf.ch\/fr\/wp-json\/wp\/v2\/types\/page"}],"author":[{"embeddable":true,"href":"https:\/\/whm-fmf.ch\/fr\/wp-json\/wp\/v2\/users\/1"}],"replies":[{"embeddable":true,"href":"https:\/\/whm-fmf.ch\/fr\/wp-json\/wp\/v2\/comments?post=419"}],"version-history":[{"count":5,"href":"https:\/\/whm-fmf.ch\/fr\/wp-json\/wp\/v2\/pages\/419\/revisions"}],"predecessor-version":[{"id":909,"href":"https:\/\/whm-fmf.ch\/fr\/wp-json\/wp\/v2\/pages\/419\/revisions\/909"}],"wp:attachment":[{"href":"https:\/\/whm-fmf.ch\/fr\/wp-json\/wp\/v2\/media?parent=419"}],"curies":[{"name":"wp","href":"https:\/\/api.w.org\/{rel}","templated":true}]}}