{"id":448,"date":"2023-01-27T14:31:19","date_gmt":"2023-01-27T12:31:19","guid":{"rendered":"https:\/\/dev.whm-fmf.ch\/?page_id=448"},"modified":"2023-05-30T08:36:46","modified_gmt":"2023-05-30T08:36:46","slug":"administration-f","status":"publish","type":"page","link":"https:\/\/whm-fmf.ch\/fr\/assistanat-au-cabinet-medical\/administration-f\/","title":{"rendered":"Administration"},"content":{"rendered":"\n<p>Les t\u00e2ches administratives et comptables, de l\u2019\u00e9tablissement du contrat de travail \u00e0 l\u2019\u00e9valuation finale de l\u2019assistanat au cabinet m\u00e9dical, sont assur\u00e9es par le secr\u00e9tariat de la Fondation FMF. Apr\u00e8s avoir renvoy\u00e9 le contrat de travail sign\u00e9 par le ou la ma\u00eetre de stage et le ou la m\u00e9decin-assistant-e ainsi que les donn\u00e9es personnelles, la Fondation FMF se charge des t\u00e2ches suivantes: saisie des donn\u00e9es personnelles et inscription aupr\u00e8s des assurances (caisse de compensation AVS, caisse de pension, assurance-accidents, assurance d\u2019indemnit\u00e9 journali\u00e8re maladie, assurance responsabilit\u00e9 civile professionnelle et casco), demande d\u2019allocations familiales, d\u00e9compte de l\u2019imp\u00f4t \u00e0 la source, versement du salaire, d\u00e9comptes \u00e0 l\u2019attention des assurances, facture finale \u00e0 l\u2019attention du ou de la ma\u00eetre de stage et \u00e9tablissement des certificats de salaire.<\/p>\n\n\n\n<h2 class=\"wp-block-heading\"><strong>Prolongation de l\u2019assistanat au cabinet m\u00e9dical<\/strong><\/h2>\n\n\n\n<p>\u00c0 l\u2019issue de la p\u00e9riode d\u2019assistanat au cabinet m\u00e9dical cofinanc\u00e9e d\u2019au maximum 6 mois (pour un engagement \u00e0 plein temps \u2013 prolong\u00e9e en cons\u00e9quence en cas d\u2019engagement \u00e0 temps partiel), il est possible de poursuivre, sur le plan administratif, l\u2019assistanat au cabinet m\u00e9dical dans le cadre du programme FMF. Dans ce cas, l\u2019ensemble des co\u00fbts salariaux (y compris les cotisations de l\u2019employeur) sont pris en charge par le ou la ma\u00eetre de stage. Pour cette prestation, la Fondation FMF pr\u00e9l\u00e8ve une taxe administrative.<\/p>\n\n\n\n<h2 class=\"wp-block-heading\"><strong>Administration des assistanats au cabinet m\u00e9dical non cofinanc\u00e9s<\/strong><\/h2>\n\n\n\n<p>Afin de d\u00e9charger les ma\u00eetres de stage, la Fondation FMF propose \u00e9galement les services administratifs susmentionn\u00e9s lorsqu\u2019une demande de cofinancement est rejet\u00e9e. Dans ce cas, une taxe administrative est per\u00e7ue. Dans des cas justifi\u00e9s, la Fondation FMF peut renoncer \u00e0 la facturation des frais administratifs. L\u2019administration comprend l\u2019\u00e9laboration du contrat de travail, l\u2019organisation de l\u2019ensemble des assurances, le paiement mensuel du salaire ainsi que la facture finale \u00e0 l\u2019attention du ou de la ma\u00eetre de stage.<\/p>\n","protected":false},"excerpt":{"rendered":"<p>Les t\u00e2ches administratives et comptables, de l\u2019\u00e9tablissement du contrat de travail \u00e0 l\u2019\u00e9valuation finale de l\u2019assistanat au cabinet m\u00e9dical, sont assur\u00e9es par le secr\u00e9tariat de la Fondation FMF. Apr\u00e8s avoir renvoy\u00e9 le contrat de travail sign\u00e9 par le ou la ma\u00eetre de stage et le ou la m\u00e9decin-assistant-e ainsi que les donn\u00e9es personnelles, la Fondation [&hellip;]<\/p>\n","protected":false},"author":1,"featured_media":0,"parent":414,"menu_order":0,"comment_status":"closed","ping_status":"closed","template":"","meta":{"_acf_changed":false,"footnotes":""},"class_list":["post-448","page","type-page","status-publish","hentry"],"acf":[],"_links":{"self":[{"href":"https:\/\/whm-fmf.ch\/fr\/wp-json\/wp\/v2\/pages\/448","targetHints":{"allow":["GET"]}}],"collection":[{"href":"https:\/\/whm-fmf.ch\/fr\/wp-json\/wp\/v2\/pages"}],"about":[{"href":"https:\/\/whm-fmf.ch\/fr\/wp-json\/wp\/v2\/types\/page"}],"author":[{"embeddable":true,"href":"https:\/\/whm-fmf.ch\/fr\/wp-json\/wp\/v2\/users\/1"}],"replies":[{"embeddable":true,"href":"https:\/\/whm-fmf.ch\/fr\/wp-json\/wp\/v2\/comments?post=448"}],"version-history":[{"count":3,"href":"https:\/\/whm-fmf.ch\/fr\/wp-json\/wp\/v2\/pages\/448\/revisions"}],"predecessor-version":[{"id":789,"href":"https:\/\/whm-fmf.ch\/fr\/wp-json\/wp\/v2\/pages\/448\/revisions\/789"}],"up":[{"embeddable":true,"href":"https:\/\/whm-fmf.ch\/fr\/wp-json\/wp\/v2\/pages\/414"}],"wp:attachment":[{"href":"https:\/\/whm-fmf.ch\/fr\/wp-json\/wp\/v2\/media?parent=448"}],"curies":[{"name":"wp","href":"https:\/\/api.w.org\/{rel}","templated":true}]}}