{"id":451,"date":"2023-01-27T14:33:57","date_gmt":"2023-01-27T12:33:57","guid":{"rendered":"https:\/\/dev.whm-fmf.ch\/?page_id=451"},"modified":"2023-05-30T08:38:13","modified_gmt":"2023-05-30T08:38:13","slug":"evaluation-f","status":"publish","type":"page","link":"https:\/\/whm-fmf.ch\/fr\/assistanat-au-cabinet-medical\/evaluation-f\/","title":{"rendered":"Evaluation"},"content":{"rendered":"\n<p>Apr\u00e8s l\u2019assistanat au cabinet m\u00e9dical, la Fondation FMF invite le ou la ma\u00eetre de stage, le ou la m\u00e9decin-assistant-e et l\u2019assistante m\u00e9dicale (AM) \u00e0 proc\u00e9der \u00e0 une \u00e9valuation en ligne de l\u2019assistanat au cabinet m\u00e9dical. La Fondation FMF peut ainsi se faire une id\u00e9e du d\u00e9roulement de l\u2019assistanat au cabinet m\u00e9dical et v\u00e9rifier si tous les crit\u00e8res de qualit\u00e9 d\u00e9finis ont \u00e9t\u00e9 remplis. Les donn\u00e9es sont ensuite exploit\u00e9es sous forme anonymis\u00e9e par l\u2019IML (Institut pour l\u2019enseignement m\u00e9dical) \u00e0 Berne, dans le cadre de l\u2019\u00e9valuation scientifique externe du programme.<\/p>\n","protected":false},"excerpt":{"rendered":"<p>Apr\u00e8s l\u2019assistanat au cabinet m\u00e9dical, la Fondation FMF invite le ou la ma\u00eetre de stage, le ou la m\u00e9decin-assistant-e et l\u2019assistante m\u00e9dicale (AM) \u00e0 proc\u00e9der \u00e0 une \u00e9valuation en ligne de l\u2019assistanat au cabinet m\u00e9dical. La Fondation FMF peut ainsi se faire une id\u00e9e du d\u00e9roulement de l\u2019assistanat au cabinet m\u00e9dical et v\u00e9rifier si tous [&hellip;]<\/p>\n","protected":false},"author":1,"featured_media":0,"parent":414,"menu_order":0,"comment_status":"closed","ping_status":"closed","template":"","meta":{"_acf_changed":false,"footnotes":""},"class_list":["post-451","page","type-page","status-publish","hentry"],"acf":[],"_links":{"self":[{"href":"https:\/\/whm-fmf.ch\/fr\/wp-json\/wp\/v2\/pages\/451","targetHints":{"allow":["GET"]}}],"collection":[{"href":"https:\/\/whm-fmf.ch\/fr\/wp-json\/wp\/v2\/pages"}],"about":[{"href":"https:\/\/whm-fmf.ch\/fr\/wp-json\/wp\/v2\/types\/page"}],"author":[{"embeddable":true,"href":"https:\/\/whm-fmf.ch\/fr\/wp-json\/wp\/v2\/users\/1"}],"replies":[{"embeddable":true,"href":"https:\/\/whm-fmf.ch\/fr\/wp-json\/wp\/v2\/comments?post=451"}],"version-history":[{"count":3,"href":"https:\/\/whm-fmf.ch\/fr\/wp-json\/wp\/v2\/pages\/451\/revisions"}],"predecessor-version":[{"id":790,"href":"https:\/\/whm-fmf.ch\/fr\/wp-json\/wp\/v2\/pages\/451\/revisions\/790"}],"up":[{"embeddable":true,"href":"https:\/\/whm-fmf.ch\/fr\/wp-json\/wp\/v2\/pages\/414"}],"wp:attachment":[{"href":"https:\/\/whm-fmf.ch\/fr\/wp-json\/wp\/v2\/media?parent=451"}],"curies":[{"name":"wp","href":"https:\/\/api.w.org\/{rel}","templated":true}]}}