{"id":453,"date":"2023-01-27T14:24:54","date_gmt":"2023-01-27T12:24:54","guid":{"rendered":"https:\/\/dev.whm-fmf.ch\/assistanat-au-cabinet-medical\/gesuch\/"},"modified":"2026-02-12T16:09:26","modified_gmt":"2026-02-12T14:09:26","slug":"demande","status":"publish","type":"page","link":"https:\/\/whm-fmf.ch\/fr\/assistanat-au-cabinet-medical\/demande\/","title":{"rendered":"Demande"},"content":{"rendered":"\n<p>Vous trouverez ici le formulaire de <a href=\"https:\/\/whm-fmf.ch\/wp-content\/uploads\/2025\/08\/gesuch-A4-FR_2025_V5.pdf\" data-type=\"attachment\" data-id=\"1105\" target=\"_blank\" rel=\"noreferrer noopener\">demande au format PDF<\/a> pour le programme \u00abFormation postgradu\u00e9e au sein de cabinets de m\u00e9decine de famille (assistanat au cabinet m\u00e9dical)\u00bb. Veuillez le remplir sous forme \u00e9lectronique et nous le renvoyer d\u00fbment sign\u00e9 avec les annexes mentionn\u00e9es.<\/p>\n\n\n\n<p><strong>D\u00e9lai de d\u00e9p\u00f4t : la demande doit \u00eatre d\u00e9pos\u00e9e aupr\u00e8s de la Fondation FMF au plus tard trois mois avant le d\u00e9but de l&rsquo;assistanat au cabinet.<\/strong><\/p>\n\n\n\n<h1 class=\"wp-block-heading\">Frais<\/h1>\n\n\n\n<p>Les frais administratifs des assistanats au cabinet m\u00e9dical sont les suivants :<\/p>\n\n\n\n<div class=\"wp-block-columns is-layout-flex wp-container-core-columns-is-layout-9d6595d7 wp-block-columns-is-layout-flex\">\n<div class=\"wp-block-column is-layout-flow wp-block-column-is-layout-flow\" style=\"flex-basis:91%\">\n<p style=\"font-size:14px\">Mois cofinanc\u00e9s par la Fondation FMF:<\/p>\n\n\n\n<p style=\"font-size:14px\">Mois non cofinanc\u00e9s (par ex. prolongations):<\/p>\n\n\n\n<p style=\"font-size:14px\">Modifications de contrat (salaire, taux d&rsquo;occupation, dur\u00e9e, etc.):<\/p>\n\n\n\n<p style=\"font-size:14px\">Retrait d&rsquo;une demande:<\/p>\n\n\n\n<p style=\"font-size:14px\"><strong>* plus TVA \u00e9ventuelle<\/strong><\/p>\n<\/div>\n\n\n\n<div class=\"wp-block-column is-layout-flow wp-block-column-is-layout-flow\" style=\"flex-basis:33.33%\">\n<p style=\"font-size:14px\"><strong>pas de frais<\/strong><\/p>\n\n\n\n<p style=\"font-size:14px\"><strong>300 CHF \/ mois<\/strong>*<\/p>\n\n\n\n<p style=\"font-size:14px\"><strong>150 CHF \/ contrat<\/strong>*<\/p>\n\n\n\n<p style=\"font-size:14px\"><strong>250 CHF \/ demande<\/strong>*<\/p>\n<\/div>\n<\/div>\n\n\n\n<p><\/p>\n\n\n\n<p><\/p>\n\n\n\n<p><\/p>\n\n\n\n<p><\/p>\n","protected":false},"excerpt":{"rendered":"<p>Vous trouverez ici le formulaire de demande au format PDF pour le programme \u00abFormation postgradu\u00e9e au sein de cabinets de m\u00e9decine de famille (assistanat au cabinet m\u00e9dical)\u00bb. Veuillez le remplir sous forme \u00e9lectronique et nous le renvoyer d\u00fbment sign\u00e9 avec les annexes mentionn\u00e9es. D\u00e9lai de d\u00e9p\u00f4t : la demande doit \u00eatre d\u00e9pos\u00e9e aupr\u00e8s de la [&hellip;]<\/p>\n","protected":false},"author":1,"featured_media":0,"parent":414,"menu_order":0,"comment_status":"closed","ping_status":"closed","template":"","meta":{"_acf_changed":false,"footnotes":""},"class_list":["post-453","page","type-page","status-publish","hentry"],"acf":[],"_links":{"self":[{"href":"https:\/\/whm-fmf.ch\/fr\/wp-json\/wp\/v2\/pages\/453","targetHints":{"allow":["GET"]}}],"collection":[{"href":"https:\/\/whm-fmf.ch\/fr\/wp-json\/wp\/v2\/pages"}],"about":[{"href":"https:\/\/whm-fmf.ch\/fr\/wp-json\/wp\/v2\/types\/page"}],"author":[{"embeddable":true,"href":"https:\/\/whm-fmf.ch\/fr\/wp-json\/wp\/v2\/users\/1"}],"replies":[{"embeddable":true,"href":"https:\/\/whm-fmf.ch\/fr\/wp-json\/wp\/v2\/comments?post=453"}],"version-history":[{"count":20,"href":"https:\/\/whm-fmf.ch\/fr\/wp-json\/wp\/v2\/pages\/453\/revisions"}],"predecessor-version":[{"id":1783,"href":"https:\/\/whm-fmf.ch\/fr\/wp-json\/wp\/v2\/pages\/453\/revisions\/1783"}],"up":[{"embeddable":true,"href":"https:\/\/whm-fmf.ch\/fr\/wp-json\/wp\/v2\/pages\/414"}],"wp:attachment":[{"href":"https:\/\/whm-fmf.ch\/fr\/wp-json\/wp\/v2\/media?parent=453"}],"curies":[{"name":"wp","href":"https:\/\/api.w.org\/{rel}","templated":true}]}}