{"id":457,"date":"2023-01-27T14:23:38","date_gmt":"2023-01-27T12:23:38","guid":{"rendered":"https:\/\/dev.whm-fmf.ch\/assistanat-au-cabinet-medical\/teilnahmebedingungen\/"},"modified":"2025-01-28T15:59:21","modified_gmt":"2025-01-28T13:59:21","slug":"conditions-de-participation","status":"publish","type":"page","link":"https:\/\/whm-fmf.ch\/fr\/assistanat-au-cabinet-medical\/conditions-de-participation\/","title":{"rendered":"Conditions de participation"},"content":{"rendered":"\n<p>Vous trouverez ici un aper\u00e7u des <a href=\"https:\/\/whm-fmf.ch\/wp-content\/uploads\/2025\/01\/2025_TN-Bedingungen-Stiftung-WHM_FR-2.pdf\">conditions de participation<\/a> au programme \u00abFormation postgradu\u00e9e au sein de cabinets de m\u00e9decine de famille (assistanat au cabinet m\u00e9dical)\u00bb.<\/p>\n","protected":false},"excerpt":{"rendered":"<p>Vous trouverez ici un aper\u00e7u des conditions de participation au programme \u00abFormation postgradu\u00e9e au sein de cabinets de m\u00e9decine de famille (assistanat au cabinet m\u00e9dical)\u00bb.<\/p>\n","protected":false},"author":1,"featured_media":0,"parent":414,"menu_order":0,"comment_status":"closed","ping_status":"closed","template":"","meta":{"_acf_changed":false,"footnotes":""},"class_list":["post-457","page","type-page","status-publish","hentry"],"acf":[],"_links":{"self":[{"href":"https:\/\/whm-fmf.ch\/fr\/wp-json\/wp\/v2\/pages\/457","targetHints":{"allow":["GET"]}}],"collection":[{"href":"https:\/\/whm-fmf.ch\/fr\/wp-json\/wp\/v2\/pages"}],"about":[{"href":"https:\/\/whm-fmf.ch\/fr\/wp-json\/wp\/v2\/types\/page"}],"author":[{"embeddable":true,"href":"https:\/\/whm-fmf.ch\/fr\/wp-json\/wp\/v2\/users\/1"}],"replies":[{"embeddable":true,"href":"https:\/\/whm-fmf.ch\/fr\/wp-json\/wp\/v2\/comments?post=457"}],"version-history":[{"count":5,"href":"https:\/\/whm-fmf.ch\/fr\/wp-json\/wp\/v2\/pages\/457\/revisions"}],"predecessor-version":[{"id":1324,"href":"https:\/\/whm-fmf.ch\/fr\/wp-json\/wp\/v2\/pages\/457\/revisions\/1324"}],"up":[{"embeddable":true,"href":"https:\/\/whm-fmf.ch\/fr\/wp-json\/wp\/v2\/pages\/414"}],"wp:attachment":[{"href":"https:\/\/whm-fmf.ch\/fr\/wp-json\/wp\/v2\/media?parent=457"}],"curies":[{"name":"wp","href":"https:\/\/api.w.org\/{rel}","templated":true}]}}