{"id":458,"date":"2022-09-20T06:43:01","date_gmt":"2022-09-20T04:43:01","guid":{"rendered":"https:\/\/dev.whm-fmf.ch\/stiftung-whm\/geschaeftsstelle\/"},"modified":"2025-07-07T11:32:34","modified_gmt":"2025-07-07T09:32:34","slug":"direction","status":"publish","type":"page","link":"https:\/\/whm-fmf.ch\/fr\/fondation-fmf\/direction\/","title":{"rendered":"Direction"},"content":{"rendered":"\n<div class=\"wp-block-columns team-name is-layout-flex wp-container-core-columns-is-layout-9d6595d7 wp-block-columns-is-layout-flex\">\n<div class=\"wp-block-column is-layout-flow wp-block-column-is-layout-flow\">\n<figure class=\"wp-block-image size-full\"><img loading=\"lazy\" decoding=\"async\" width=\"4131\" height=\"4131\" src=\"https:\/\/whm-fmf.ch\/wp-content\/uploads\/2025\/07\/IMG_3582-edited.png\" alt=\"\" class=\"wp-image-1550\" srcset=\"https:\/\/whm-fmf.ch\/wp-content\/uploads\/2025\/07\/IMG_3582-edited.png 4131w, https:\/\/whm-fmf.ch\/wp-content\/uploads\/2025\/07\/IMG_3582-edited-300x300.png 300w, https:\/\/whm-fmf.ch\/wp-content\/uploads\/2025\/07\/IMG_3582-edited-1024x1024.png 1024w, https:\/\/whm-fmf.ch\/wp-content\/uploads\/2025\/07\/IMG_3582-edited-150x150.png 150w, https:\/\/whm-fmf.ch\/wp-content\/uploads\/2025\/07\/IMG_3582-edited-768x768.png 768w, https:\/\/whm-fmf.ch\/wp-content\/uploads\/2025\/07\/IMG_3582-edited-1536x1536.png 1536w, https:\/\/whm-fmf.ch\/wp-content\/uploads\/2025\/07\/IMG_3582-edited-2048x2048.png 2048w\" sizes=\"auto, (max-width: 4131px) 100vw, 4131px\" \/><\/figure>\n\n\n\n<h2 class=\"wp-block-heading team-name\"><strong>Sarina Keller<\/strong><\/h2>\n\n\n\n<p><strong><strong>Directrice<\/strong><\/strong><br>Avocate<br><a href=\"mailto:s.keller@whm-fmf.ch\">E-Mail<\/a><\/p>\n<\/div>\n\n\n\n<div class=\"wp-block-column is-layout-flow wp-block-column-is-layout-flow\">\n<figure class=\"wp-block-image size-full\"><img loading=\"lazy\" decoding=\"async\" width=\"600\" height=\"600\" src=\"https:\/\/dev.whm-fmf.ch\/wp-content\/uploads\/2023\/02\/henrik_zimmermann.jpg\" alt=\"Portraitfoto Henrik Zimmermann\" class=\"wp-image-216\" srcset=\"https:\/\/whm-fmf.ch\/wp-content\/uploads\/2023\/02\/henrik_zimmermann.jpg 600w, https:\/\/whm-fmf.ch\/wp-content\/uploads\/2023\/02\/henrik_zimmermann-300x300.jpg 300w, https:\/\/whm-fmf.ch\/wp-content\/uploads\/2023\/02\/henrik_zimmermann-150x150.jpg 150w\" sizes=\"auto, (max-width: 600px) 100vw, 600px\" \/><\/figure>\n\n\n\n<h2 class=\"wp-block-heading team-name\"><strong>Henrik Zimmermann<\/strong><\/h2>\n\n\n\n<p><strong><strong>Directeur adjoint<\/strong><\/strong>  <\/p>\n\n\n\n<p>Responsable des demandes\/ contrats      <br><a href=\"mailto:h.zimmermann@whm-fmf.ch\">E-Mail<\/a><\/p>\n<\/div>\n\n\n\n<div class=\"wp-block-column is-layout-flow wp-block-column-is-layout-flow\">\n<figure class=\"wp-block-image size-full\"><img loading=\"lazy\" decoding=\"async\" width=\"600\" height=\"600\" src=\"https:\/\/dev.whm-fmf.ch\/wp-content\/uploads\/2023\/02\/reka_veress.jpg\" alt=\"Portraitfoto R\u00e9ka Veress\" class=\"wp-image-220\" srcset=\"https:\/\/whm-fmf.ch\/wp-content\/uploads\/2023\/02\/reka_veress.jpg 600w, https:\/\/whm-fmf.ch\/wp-content\/uploads\/2023\/02\/reka_veress-300x300.jpg 300w, https:\/\/whm-fmf.ch\/wp-content\/uploads\/2023\/02\/reka_veress-150x150.jpg 150w\" sizes=\"auto, (max-width: 600px) 100vw, 600px\" \/><\/figure>\n\n\n\n<h2 class=\"wp-block-heading team-name\"><strong>R\u00e9ka Veress<\/strong>&#8211;<strong>Daugaard<\/strong><\/h2>\n\n\n\n<p><strong>Collaboratrice scientifique<\/strong><\/p>\n\n\n\n<p>Sp\u00e9cialiste en m\u00e9decine interne g\u00e9n\u00e9rale<br><a href=\"mailto:r.veress@whm-fmf.ch\">E-Mail<\/a><\/p>\n<\/div>\n<\/div>\n\n\n\n<div class=\"wp-block-columns team-name is-layout-flex wp-container-core-columns-is-layout-9d6595d7 wp-block-columns-is-layout-flex\">\n<div class=\"wp-block-column is-layout-flow wp-block-column-is-layout-flow\">\n<figure class=\"wp-block-image size-full\"><img loading=\"lazy\" decoding=\"async\" width=\"600\" height=\"600\" src=\"https:\/\/dev.whm-fmf.ch\/wp-content\/uploads\/2023\/02\/sylvie_bayard.jpg\" alt=\"Portraitfoto Sylvie Bayard\" class=\"wp-image-219\" srcset=\"https:\/\/whm-fmf.ch\/wp-content\/uploads\/2023\/02\/sylvie_bayard.jpg 600w, https:\/\/whm-fmf.ch\/wp-content\/uploads\/2023\/02\/sylvie_bayard-300x300.jpg 300w, https:\/\/whm-fmf.ch\/wp-content\/uploads\/2023\/02\/sylvie_bayard-150x150.jpg 150w\" sizes=\"auto, (max-width: 600px) 100vw, 600px\" \/><\/figure>\n\n\n\n<h2 class=\"wp-block-heading team-name\"><strong>Sylvie Bayard<\/strong><\/h2>\n\n\n\n<p><strong><strong>Responsable des finances<\/strong><\/strong>             <\/p>\n\n\n\n<p>Contrats (location de services)              <br><a href=\"mailto:s.bayard@whm-fmf.ch\">E-Mail<\/a><\/p>\n<\/div>\n\n\n\n<div class=\"wp-block-column is-layout-flow wp-block-column-is-layout-flow\">\n<figure class=\"wp-block-image size-full\"><img loading=\"lazy\" decoding=\"async\" width=\"600\" height=\"600\" src=\"https:\/\/dev.whm-fmf.ch\/wp-content\/uploads\/2023\/02\/evelyne_holzmann.jpg\" alt=\"Portraitfoto Evelyne Holzmann\" class=\"wp-image-217\" srcset=\"https:\/\/whm-fmf.ch\/wp-content\/uploads\/2023\/02\/evelyne_holzmann.jpg 600w, https:\/\/whm-fmf.ch\/wp-content\/uploads\/2023\/02\/evelyne_holzmann-300x300.jpg 300w, https:\/\/whm-fmf.ch\/wp-content\/uploads\/2023\/02\/evelyne_holzmann-150x150.jpg 150w\" sizes=\"auto, (max-width: 600px) 100vw, 600px\" \/><\/figure>\n\n\n\n<h2 class=\"wp-block-heading team-name\"><strong>Evelyne Holzmann<\/strong><\/h2>\n\n\n\n<p><strong><strong>Cours d\u2019introduction pour les ma\u00eetres de stage<\/strong><\/strong> <strong>et RH<\/strong><br><a href=\"mailto:e.holzmann@whm-fmf.ch\">E-Mail<\/a><\/p>\n<\/div>\n\n\n\n<div class=\"wp-block-column is-layout-flow wp-block-column-is-layout-flow\">\n<figure class=\"wp-block-image size-full\"><img loading=\"lazy\" decoding=\"async\" width=\"2560\" height=\"2560\" src=\"https:\/\/whm-fmf.ch\/wp-content\/uploads\/2025\/07\/image.jpeg\" alt=\"L\u2019attribut alt de cette image est vide, son nom de fichier est celine_WHM-cropped-scaled.jpg.\" class=\"wp-image-1571\" srcset=\"https:\/\/whm-fmf.ch\/wp-content\/uploads\/2025\/07\/image.jpeg 2560w, https:\/\/whm-fmf.ch\/wp-content\/uploads\/2025\/07\/image-300x300.jpeg 300w, https:\/\/whm-fmf.ch\/wp-content\/uploads\/2025\/07\/image-1024x1024.jpeg 1024w, https:\/\/whm-fmf.ch\/wp-content\/uploads\/2025\/07\/image-150x150.jpeg 150w, https:\/\/whm-fmf.ch\/wp-content\/uploads\/2025\/07\/image-768x768.jpeg 768w, https:\/\/whm-fmf.ch\/wp-content\/uploads\/2025\/07\/image-1536x1536.jpeg 1536w, https:\/\/whm-fmf.ch\/wp-content\/uploads\/2025\/07\/image-2048x2048.jpeg 2048w\" sizes=\"auto, (max-width: 2560px) 100vw, 2560px\" \/><\/figure>\n\n\n\n<h2 class=\"wp-block-heading team-name\"><strong>Celine Lim<\/strong><\/h2>\n\n\n\n<p><strong><strong>Marketing et communication<\/strong><\/strong>      <\/p>\n\n\n\n<p>Cours pour m\u00e9decins assistant(e)s, \u00c9valuations<br><a href=\"mailto:t.reis@whm-fmf.ch\">E-<\/a><a href=\"mailto:c.lim@whm-fmf.ch\">Mail<\/a><\/p>\n<\/div>\n<\/div>\n\n\n\n<div class=\"wp-block-columns is-layout-flex wp-container-core-columns-is-layout-9d6595d7 wp-block-columns-is-layout-flex\">\n<div class=\"wp-block-column is-layout-flow wp-block-column-is-layout-flow\" style=\"flex-basis:33.34%\">\n<p><img decoding=\"async\" src=\"https:\/\/whm-fmf.ch\/wp-content\/uploads\/2025\/07\/IMG_3522-edited.png\" alt=\"\"><br><strong>Camille Meyer<\/strong><br><strong>Employ\u00e9e<\/strong><br><\/p>\n\n\n\n<p>Demandes et contrats<br><a href=\"mailto:c.meyer@whm-fmf.ch\">E-Mail<\/a><\/p>\n<\/div>\n\n\n\n<div class=\"wp-block-column is-layout-flow wp-block-column-is-layout-flow\" style=\"flex-basis:33.34%\"><\/div>\n\n\n\n<div class=\"wp-block-column is-layout-flow wp-block-column-is-layout-flow\" style=\"flex-basis:33.33%\"><\/div>\n<\/div>\n\n\n\n<p><\/p>\n","protected":false},"excerpt":{"rendered":"<p>Sarina Keller DirectriceAvocateE-Mail Henrik Zimmermann Directeur adjoint Responsable des demandes\/ contrats E-Mail R\u00e9ka Veress&#8211;Daugaard Collaboratrice scientifique Sp\u00e9cialiste en m\u00e9decine interne g\u00e9n\u00e9raleE-Mail Sylvie Bayard Responsable des finances Contrats (location de services) E-Mail Evelyne Holzmann Cours d\u2019introduction pour les ma\u00eetres de stage et RHE-Mail Celine Lim Marketing et communication Cours pour m\u00e9decins assistant(e)s, \u00c9valuationsE-Mail Camille MeyerEmploy\u00e9e Demandes [&hellip;]<\/p>\n","protected":false},"author":1,"featured_media":0,"parent":419,"menu_order":0,"comment_status":"closed","ping_status":"closed","template":"","meta":{"_acf_changed":false,"footnotes":""},"class_list":["post-458","page","type-page","status-publish","hentry"],"acf":[],"_links":{"self":[{"href":"https:\/\/whm-fmf.ch\/fr\/wp-json\/wp\/v2\/pages\/458","targetHints":{"allow":["GET"]}}],"collection":[{"href":"https:\/\/whm-fmf.ch\/fr\/wp-json\/wp\/v2\/pages"}],"about":[{"href":"https:\/\/whm-fmf.ch\/fr\/wp-json\/wp\/v2\/types\/page"}],"author":[{"embeddable":true,"href":"https:\/\/whm-fmf.ch\/fr\/wp-json\/wp\/v2\/users\/1"}],"replies":[{"embeddable":true,"href":"https:\/\/whm-fmf.ch\/fr\/wp-json\/wp\/v2\/comments?post=458"}],"version-history":[{"count":7,"href":"https:\/\/whm-fmf.ch\/fr\/wp-json\/wp\/v2\/pages\/458\/revisions"}],"predecessor-version":[{"id":1577,"href":"https:\/\/whm-fmf.ch\/fr\/wp-json\/wp\/v2\/pages\/458\/revisions\/1577"}],"up":[{"embeddable":true,"href":"https:\/\/whm-fmf.ch\/fr\/wp-json\/wp\/v2\/pages\/419"}],"wp:attachment":[{"href":"https:\/\/whm-fmf.ch\/fr\/wp-json\/wp\/v2\/media?parent=458"}],"curies":[{"name":"wp","href":"https:\/\/api.w.org\/{rel}","templated":true}]}}